{"id":745,"date":"2017-02-24T10:26:48","date_gmt":"2017-02-24T10:26:48","guid":{"rendered":"http:\/\/localhost\/finance\/?page_id=745"},"modified":"2019-04-13T13:56:25","modified_gmt":"2019-04-13T13:56:25","slug":"noticias","status":"publish","type":"page","link":"https:\/\/marianagomespedrosa.adv.br\/portal\/noticias\/","title":{"rendered":"Not\u00edcias"},"content":{"rendered":"<div class=\"wpb-content-wrapper\"><p>[vc_row full_width=&#8221;stretch_row_content_no_spaces&#8221; content_placement=&#8221;top&#8221; parallax=&#8221;content-moving&#8221; parallax_image=&#8221;1919&#8243; bg_type=&#8221;image&#8221; parallax_style=&#8221;vcpb-vz-jquery&#8221; bg_image_new=&#8221;21743&#8243; bg_image_repeat=&#8221;no-repeat&#8221; parallax_sense=&#8221;50&#8243; disable_on_mobile_img_parallax=&#8221;off&#8221; parallax_content=&#8221;parallax_content_value&#8221; parallax_content_sense=&#8221;70&#8243; fadeout_row=&#8221;fadeout_row_value&#8221; fadeout_start_effect=&#8221;50&#8243; enable_overlay=&#8221;off&#8221; seperator_enable=&#8221;seperator_enable_value&#8221; seperator_type=&#8221;triangle_svg_seperator&#8221; seperator_position=&#8221;bottom_seperator&#8221; seperator_svg_height=&#8221;12&#8243; seperator_shape_background=&#8221;#08ada7&#8243; css=&#8221;.vc_custom_1555163782234{margin-top: 0px !important;margin-bottom: 0px !important;padding-top: 250px !important;padding-bottom: 160px !important;}&#8221;][vc_column][vc_column_text][\/vc_column_text][\/vc_column][\/vc_row][vc_row bg_type=&#8221;bg_color&#8221; seperator_enable=&#8221;off&#8221;][vc_column][vc_custom_heading text=&#8221;Not\u00edcias&#8221; font_container=&#8221;tag:h2|font_size:42|text_align:left&#8221; use_theme_fonts=&#8221;yes&#8221; css=&#8221;.vc_custom_1555159576091{margin-bottom: 0px !important;padding-top: 40px !important;padding-bottom: 2px !important;}&#8221;][vc_separator color=&#8221;custom&#8221; align=&#8221;align_left&#8221; accent_color=&#8221;#c9a58d&#8221;][vc_empty_space][\/vc_column][\/vc_row][vc_row bg_type=&#8221;bg_color&#8221; seperator_enable=&#8221;off&#8221;][vc_column width=&#8221;3\/4&#8243;][vc_empty_space][vc_column_text css=&#8221;.vc_custom_1555162562894{padding-right: 20px !important;}&#8221;]<div class=\"pt-cv-wrapper\"><div class=\"pt-cv-view pt-cv-grid pt-cv-colsys\" id=\"pt-cv-view-e08241cbl5\"><div data-id=\"pt-cv-page-1\" class=\"pt-cv-page\" data-cvc=\"2\"><div class=\"col-md-6 col-sm-6 col-xs-12 pt-cv-content-item pt-cv-1-col\" ><div class='pt-cv-ifield'><a href=\"https:\/\/marianagomespedrosa.adv.br\/portal\/desafios-na-execucao-de-politicas-publicas-impactos-da-crise-orcamentaria-estadual\/\" class=\"_self pt-cv-href-thumbnail pt-cv-thumb-default\" target=\"_self\" ><img loading=\"lazy\" decoding=\"async\" width=\"370\" height=\"247\" src=\"https:\/\/marianagomespedrosa.adv.br\/portal\/wp-content\/uploads\/2024\/03\/431660715_403260822294733_1507205787180278562_n-370x247.jpeg\" class=\"pt-cv-thumbnail\" alt=\"\" \/><\/a>\n<h4 class=\"pt-cv-title\"><a href=\"https:\/\/marianagomespedrosa.adv.br\/portal\/desafios-na-execucao-de-politicas-publicas-impactos-da-crise-orcamentaria-estadual\/\" class=\"_self\" target=\"_self\" >Desafios na execu\u00e7\u00e3o de pol\u00edticas p\u00fablicas, impactos da crise or\u00e7ament\u00e1ria estadual<\/a><\/h4>\n<div class=\"pt-cv-content\">A crise or\u00e7ament\u00e1ria que afeta diversos estados do Brasil tem gerado preocupa\u00e7\u00f5es sobre a efetiva\u00e7\u00e3o das pol\u00edticas p\u00fablicas previstas na Constitui\u00e7\u00e3o. De acordo com dados do Instituto Brasileiro de Geografia ...<br \/><div class=\"pt-cv-rmwrap\"><a href=\"https:\/\/marianagomespedrosa.adv.br\/portal\/desafios-na-execucao-de-politicas-publicas-impactos-da-crise-orcamentaria-estadual\/\" class=\"_self pt-cv-readmore btn btn-success\" target=\"_self\">Ler Mais<\/a><\/div><\/div><\/div><\/div>\n<div class=\"col-md-6 col-sm-6 col-xs-12 pt-cv-content-item pt-cv-1-col\" ><div class='pt-cv-ifield'><a href=\"https:\/\/marianagomespedrosa.adv.br\/portal\/responsabilidade-civil-do-estado-quando-o-poder-publico-pode-ser-responsabilizado\/\" class=\"_self pt-cv-href-thumbnail pt-cv-thumb-default\" target=\"_self\" ><img loading=\"lazy\" decoding=\"async\" width=\"370\" height=\"247\" src=\"https:\/\/marianagomespedrosa.adv.br\/portal\/wp-content\/uploads\/2024\/03\/431185845_1584231652341816_5381443824274020872_n-370x247.jpeg\" class=\"pt-cv-thumbnail\" alt=\"\" \/><\/a>\n<h4 class=\"pt-cv-title\"><a href=\"https:\/\/marianagomespedrosa.adv.br\/portal\/responsabilidade-civil-do-estado-quando-o-poder-publico-pode-ser-responsabilizado\/\" class=\"_self\" target=\"_self\" >Responsabilidade civil do estado quando o poder p\u00fablico pode ser responsabilizado<\/a><\/h4>\n<div class=\"pt-cv-content\">A responsabilidade civil do Estado \u00e9 um tema de extrema relev\u00e2ncia, pois delineia os limites da atua\u00e7\u00e3o do poder p\u00fablico. Enquanto o Estado desempenha suas fun\u00e7\u00f5es, ele pode, em determinadas ...<br \/><div class=\"pt-cv-rmwrap\"><a href=\"https:\/\/marianagomespedrosa.adv.br\/portal\/responsabilidade-civil-do-estado-quando-o-poder-publico-pode-ser-responsabilizado\/\" class=\"_self pt-cv-readmore btn btn-success\" target=\"_self\">Ler Mais<\/a><\/div><\/div><\/div><\/div>\n<div class=\"col-md-6 col-sm-6 col-xs-12 pt-cv-content-item pt-cv-1-col\" ><div class='pt-cv-ifield'><a href=\"https:\/\/marianagomespedrosa.adv.br\/portal\/familia-violencia-patrimonial-e-genero\/\" class=\"_self pt-cv-href-thumbnail pt-cv-thumb-default\" target=\"_self\" ><img loading=\"lazy\" decoding=\"async\" width=\"370\" height=\"247\" src=\"https:\/\/marianagomespedrosa.adv.br\/portal\/wp-content\/uploads\/2024\/03\/431648116_375678225280697_5104266379559281666_n-370x247.jpeg\" class=\"pt-cv-thumbnail\" alt=\"\" \/><\/a>\n<h4 class=\"pt-cv-title\"><a href=\"https:\/\/marianagomespedrosa.adv.br\/portal\/familia-violencia-patrimonial-e-genero\/\" class=\"_self\" target=\"_self\" >Fam\u00edlia, viol\u00eancia patrimonial e g\u00eanero<\/a><\/h4>\n<div class=\"pt-cv-content\">No m\u00eas em que comemoramos o dia internacional da mulher, compartilho com voc\u00eas artigo de minha autoria sobre viol\u00eancia patrimonial publicado no dia 03 de mar\u00e7o de 2024 no jornal ...<br \/><div class=\"pt-cv-rmwrap\"><a href=\"https:\/\/marianagomespedrosa.adv.br\/portal\/familia-violencia-patrimonial-e-genero\/\" class=\"_self pt-cv-readmore btn btn-success\" target=\"_self\">Ler Mais<\/a><\/div><\/div><\/div><\/div>\n<div class=\"col-md-6 col-sm-6 col-xs-12 pt-cv-content-item pt-cv-1-col\" ><div class='pt-cv-ifield'><a href=\"https:\/\/marianagomespedrosa.adv.br\/portal\/necessidade-de-concordancia-dos-pais-biologicos-para-reconhecimento-e-filiacao-socioafetiva-em-cartorio\/\" class=\"_self pt-cv-href-thumbnail pt-cv-thumb-default\" target=\"_self\" ><img loading=\"lazy\" decoding=\"async\" width=\"370\" height=\"247\" src=\"https:\/\/marianagomespedrosa.adv.br\/portal\/wp-content\/uploads\/2024\/03\/429884076_18419957524021924_4008179206801990853_n-370x247.jpg\" class=\"pt-cv-thumbnail\" alt=\"\" \/><\/a>\n<h4 class=\"pt-cv-title\"><a href=\"https:\/\/marianagomespedrosa.adv.br\/portal\/necessidade-de-concordancia-dos-pais-biologicos-para-reconhecimento-e-filiacao-socioafetiva-em-cartorio\/\" class=\"_self\" target=\"_self\" >NECESSIDADE DE CONCORD\u00c2NCIA DOS PAIS BIOL\u00d3GICOS PARA RECONHECIMENTO E FILIA\u00c7\u00c3O SOCIOAFETIVA EM CART\u00d3RIO<\/a><\/h4>\n<div class=\"pt-cv-content\">No processo de reconhecimento de filia\u00e7\u00e3o socioafetiva, \u00e9 essencial compreender que a manifesta\u00e7\u00e3o dos pais biol\u00f3gicos \u00e9 um requisito indispens\u00e1vel. Em recente decis\u00e3o, o CNJ refor\u00e7ou essa necessidade, estipulando que, ...<br \/><div class=\"pt-cv-rmwrap\"><a href=\"https:\/\/marianagomespedrosa.adv.br\/portal\/necessidade-de-concordancia-dos-pais-biologicos-para-reconhecimento-e-filiacao-socioafetiva-em-cartorio\/\" class=\"_self pt-cv-readmore btn btn-success\" target=\"_self\">Ler Mais<\/a><\/div><\/div><\/div><\/div><\/div><\/div>\n<div class=\" pt-cv-pagination-wrapper\"><ul class=\"pt-cv-pagination pt-cv-ajax pagination\" data-totalpages=\"3\" data-currentpage=\"1\" data-sid=\"e08241cbl5\" data-unid=\"\" data-isblock=\"\" data-postid=\"\"><li class=\"active\"><a href=\"#\">1<\/a><\/li>\n\t<li ><a class=\"\" href=\"https:\/\/marianagomespedrosa.adv.br\/portal\/wp-json\/wp\/v2\/pages\/745\/?_page=2\">2<\/a><\/li>\n\t<li ><a class=\"\" href=\"https:\/\/marianagomespedrosa.adv.br\/portal\/wp-json\/wp\/v2\/pages\/745\/?_page=3\">3<\/a><\/li>\n\t<li ><a class=\" \" href=\"https:\/\/marianagomespedrosa.adv.br\/portal\/wp-json\/wp\/v2\/pages\/745\/?_page=2\">&rsaquo;<\/a><\/li>\n\t<\/ul><img loading=\"lazy\" decoding=\"async\" width=\"15\" height=\"15\" class=\"pt-cv-spinner\" alt=\"Loading...\" src=\"data:image\/gif;base64,R0lGODlhDwAPALMPAMrKygwMDJOTkz09PZWVla+vr3p6euTk5M7OzuXl5TMzMwAAAJmZmWZmZszMzP\/\/\/yH\/C05FVFNDQVBFMi4wAwEAAAAh+QQFCgAPACwAAAAADwAPAAAEQvDJaZaZOIcV8iQK8VRX4iTYoAwZ4iCYoAjZ4RxejhVNoT+mRGP4cyF4Pp0N98sBGIBMEMOotl6YZ3S61Bmbkm4mAgAh+QQFCgAPACwAAAAADQANAAAENPDJSRSZeA418itN8QiK8BiLITVsFiyBBIoYqnoewAD4xPw9iY4XLGYSjkQR4UAUD45DLwIAIfkEBQoADwAsAAAAAA8ACQAABC\/wyVlamTi3nSdgwFNdhEJgTJoNyoB9ISYoQmdjiZPcj7EYCAeCF1gEDo4Dz2eIAAAh+QQFCgAPACwCAAAADQANAAAEM\/DJBxiYeLKdX3IJZT1FU0iIg2RNKx3OkZVnZ98ToRD4MyiDnkAh6BkNC0MvsAj0kMpHBAAh+QQFCgAPACwGAAAACQAPAAAEMDC59KpFDll73HkAA2wVY5KgiK5b0RRoI6MuzG6EQqCDMlSGheEhUAgqgUUAFRySIgAh+QQFCgAPACwCAAIADQANAAAEM\/DJKZNLND\/kkKaHc3xk+QAMYDKsiaqmZCxGVjSFFCxB1vwy2oOgIDxuucxAMTAJFAJNBAAh+QQFCgAPACwAAAYADwAJAAAEMNAs86q1yaWwwv2Ig0jUZx3OYa4XoRAfwADXoAwfo1+CIjyFRuEho60aSNYlOPxEAAAh+QQFCgAPACwAAAIADQANAAAENPA9s4y8+IUVcqaWJ4qEQozSoAzoIyhCK2NFU2SJk0hNnyEOhKR2AzAAj4Pj4GE4W0bkJQIAOw==\" \/><div class=\"clear pt-cv-clear-pagination\"><\/div><\/div><\/div>[\/vc_column_text][\/vc_column][vc_column width=&#8221;1\/4&#8243;][vc_widget_sidebar sidebar_id=&#8221;sidebar-blog&#8221; el_class=&#8221;sidebar&#8221;][\/vc_column][\/vc_row]<\/p>\n<\/div>","protected":false},"excerpt":{"rendered":"<p>[vc_row full_width=&#8221;stretch_row_content_no_spaces&#8221; content_placement=&#8221;top&#8221; parallax=&#8221;content-moving&#8221; parallax_image=&#8221;1919&#8243; bg_type=&#8221;image&#8221; parallax_style=&#8221;vcpb-vz-jquery&#8221; bg_image_new=&#8221;21743&#8243; bg_image_repeat=&#8221;no-repeat&#8221; parallax_sense=&#8221;50&#8243; disable_on_mobile_img_parallax=&#8221;off&#8221; parallax_content=&#8221;parallax_content_value&#8221; parallax_content_sense=&#8221;70&#8243; fadeout_row=&#8221;fadeout_row_value&#8221; fadeout_start_effect=&#8221;50&#8243; enable_overlay=&#8221;off&#8221; seperator_enable=&#8221;seperator_enable_value&#8221; seperator_type=&#8221;triangle_svg_seperator&#8221; seperator_position=&#8221;bottom_seperator&#8221; seperator_svg_height=&#8221;12&#8243; seperator_shape_background=&#8221;#08ada7&#8243; css=&#8221;.vc_custom_1555163782234{margin-top: 0px !important;margin-bottom: 0px !important;padding-top: 250px !important;padding-bottom: 160px !important;}&#8221;][vc_column][vc_column_text][\/vc_column_text][\/vc_column][\/vc_row][vc_row bg_type=&#8221;bg_color&#8221; seperator_enable=&#8221;off&#8221;][vc_column][vc_custom_heading text=&#8221;Not\u00edcias&#8221; font_container=&#8221;tag:h2|font_size:42|text_align:left&#8221; use_theme_fonts=&#8221;yes&#8221; css=&#8221;.vc_custom_1555159576091{margin-bottom: 0px !important;padding-top: 40px !important;padding-bottom: 2px !important;}&#8221;][vc_separator color=&#8221;custom&#8221; align=&#8221;align_left&#8221; accent_color=&#8221;#c9a58d&#8221;][vc_empty_space][\/vc_column][\/vc_row][vc_row bg_type=&#8221;bg_color&#8221; seperator_enable=&#8221;off&#8221;][vc_column width=&#8221;3\/4&#8243;][vc_empty_space][vc_column_text css=&#8221;.vc_custom_1555162562894{padding-right: 20px !important;}&#8221;][\/vc_column_text][\/vc_column][vc_column [&hellip;]<\/p>\n","protected":false},"author":1,"featured_media":0,"parent":0,"menu_order":0,"comment_status":"closed","ping_status":"closed","template":"tpl\/front-page.php","meta":{"footnotes":""},"class_list":["post-745","page","type-page","status-publish","hentry"],"aioseo_notices":[],"_links":{"self":[{"href":"https:\/\/marianagomespedrosa.adv.br\/portal\/wp-json\/wp\/v2\/pages\/745","targetHints":{"allow":["GET"]}}],"collection":[{"href":"https:\/\/marianagomespedrosa.adv.br\/portal\/wp-json\/wp\/v2\/pages"}],"about":[{"href":"https:\/\/marianagomespedrosa.adv.br\/portal\/wp-json\/wp\/v2\/types\/page"}],"author":[{"embeddable":true,"href":"https:\/\/marianagomespedrosa.adv.br\/portal\/wp-json\/wp\/v2\/users\/1"}],"replies":[{"embeddable":true,"href":"https:\/\/marianagomespedrosa.adv.br\/portal\/wp-json\/wp\/v2\/comments?post=745"}],"version-history":[{"count":16,"href":"https:\/\/marianagomespedrosa.adv.br\/portal\/wp-json\/wp\/v2\/pages\/745\/revisions"}],"predecessor-version":[{"id":1920,"href":"https:\/\/marianagomespedrosa.adv.br\/portal\/wp-json\/wp\/v2\/pages\/745\/revisions\/1920"}],"wp:attachment":[{"href":"https:\/\/marianagomespedrosa.adv.br\/portal\/wp-json\/wp\/v2\/media?parent=745"}],"curies":[{"name":"wp","href":"https:\/\/api.w.org\/{rel}","templated":true}]}}