{"id":1975,"date":"2019-04-15T14:59:14","date_gmt":"2019-04-15T14:59:14","guid":{"rendered":"http:\/\/marianagomespedrosa.adv.br\/portal\/?page_id=1975"},"modified":"2019-04-15T21:43:59","modified_gmt":"2019-04-15T21:43:59","slug":"videos","status":"publish","type":"page","link":"https:\/\/marianagomespedrosa.adv.br\/portal\/videos\/","title":{"rendered":"Videos"},"content":{"rendered":"<div class=\"wpb-content-wrapper\"><p>[vc_row full_width=&#8221;stretch_row_content_no_spaces&#8221; content_placement=&#8221;top&#8221; parallax=&#8221;content-moving&#8221; parallax_image=&#8221;1919&#8243; bg_type=&#8221;image&#8221; parallax_style=&#8221;vcpb-vz-jquery&#8221; bg_image_new=&#8221;21743&#8243; bg_image_repeat=&#8221;no-repeat&#8221; parallax_sense=&#8221;50&#8243; disable_on_mobile_img_parallax=&#8221;off&#8221; parallax_content=&#8221;parallax_content_value&#8221; parallax_content_sense=&#8221;70&#8243; fadeout_row=&#8221;fadeout_row_value&#8221; fadeout_start_effect=&#8221;50&#8243; enable_overlay=&#8221;off&#8221; seperator_enable=&#8221;seperator_enable_value&#8221; seperator_type=&#8221;triangle_svg_seperator&#8221; seperator_position=&#8221;bottom_seperator&#8221; seperator_svg_height=&#8221;12&#8243; seperator_shape_background=&#8221;#08ada7&#8243; css=&#8221;.vc_custom_1555163782234{margin-top: 0px !important;margin-bottom: 0px !important;padding-top: 250px !important;padding-bottom: 160px !important;}&#8221;][vc_column][vc_column_text][\/vc_column_text][\/vc_column][\/vc_row][vc_row bg_type=&#8221;bg_color&#8221; seperator_enable=&#8221;off&#8221;][vc_column][vc_custom_heading text=&#8221;Videos&#8221; font_container=&#8221;tag:h2|font_size:42|text_align:left&#8221; use_theme_fonts=&#8221;yes&#8221; css=&#8221;.vc_custom_1555341280531{margin-bottom: 0px !important;padding-top: 40px !important;padding-bottom: 2px !important;}&#8221;][vc_separator color=&#8221;custom&#8221; align=&#8221;align_left&#8221; accent_color=&#8221;#c9a58d&#8221;][vc_empty_space][\/vc_column][\/vc_row][vc_row bg_type=&#8221;bg_color&#8221; seperator_enable=&#8221;off&#8221;][vc_column width=&#8221;3\/4&#8243;][vc_empty_space][vc_column_text css=&#8221;.vc_custom_1555341339359{padding-right: 20px !important;}&#8221;]<div class=\"pt-cv-wrapper\"><div class=\"pt-cv-view pt-cv-grid pt-cv-colsys\" id=\"pt-cv-view-80f1860qea\"><div data-id=\"pt-cv-page-1\" class=\"pt-cv-page\" data-cvc=\"2\"><div class=\"col-md-6 col-sm-6 col-xs-12 pt-cv-content-item pt-cv-1-col\" ><div class='pt-cv-ifield'><a href=\"https:\/\/marianagomespedrosa.adv.br\/portal\/falar-de-guarda-e-fundamental-para-assegurar-a-integridade-fisica-e-mental-dos-filhos-priorizando-sempre-o-seu-bem-estar\/\" class=\"_self pt-cv-href-thumbnail pt-cv-thumb-default\" target=\"_self\" ><img loading=\"lazy\" decoding=\"async\" width=\"370\" height=\"247\" src=\"https:\/\/marianagomespedrosa.adv.br\/portal\/wp-content\/uploads\/2024\/03\/videoframe_3392-1-370x247.png\" class=\"pt-cv-thumbnail\" alt=\"\" \/><\/a>\n<h3 class=\"pt-cv-title\"><a href=\"https:\/\/marianagomespedrosa.adv.br\/portal\/falar-de-guarda-e-fundamental-para-assegurar-a-integridade-fisica-e-mental-dos-filhos-priorizando-sempre-o-seu-bem-estar\/\" class=\"_self\" target=\"_self\" >FALAR DE GUARDA \u00c9 FUNDAMENTAL PARA ASSEGURAR A INTEGRIDADE F\u00cdSICA E MENTAL DOS FILHOS, PRIORIZANDO SEMPRE O SEU BEM-ESTAR.<\/a><\/h3><\/div><\/div>\n<div class=\"col-md-6 col-sm-6 col-xs-12 pt-cv-content-item pt-cv-1-col\" ><div class='pt-cv-ifield'><a href=\"https:\/\/marianagomespedrosa.adv.br\/portal\/e-possivel-manter-uma-uniao-estavel-virtual\/\" class=\"_self pt-cv-href-thumbnail pt-cv-thumb-default\" target=\"_self\" ><img loading=\"lazy\" decoding=\"async\" width=\"370\" height=\"247\" src=\"https:\/\/marianagomespedrosa.adv.br\/portal\/wp-content\/uploads\/2024\/03\/videoframe_1896-370x247.png\" class=\"pt-cv-thumbnail\" alt=\"\" \/><\/a>\n<h3 class=\"pt-cv-title\"><a href=\"https:\/\/marianagomespedrosa.adv.br\/portal\/e-possivel-manter-uma-uniao-estavel-virtual\/\" class=\"_self\" target=\"_self\" >\u00c9 poss\u00edvel manter uma uni\u00e3o est\u00e1vel virtual?<\/a><\/h3><\/div><\/div>\n<div class=\"col-md-6 col-sm-6 col-xs-12 pt-cv-content-item pt-cv-1-col\" ><div class='pt-cv-ifield'><a href=\"https:\/\/marianagomespedrosa.adv.br\/portal\/despejo-e-locacoes-conheca-seus-direitos\/\" class=\"_self pt-cv-href-thumbnail pt-cv-thumb-default\" target=\"_self\" ><img loading=\"lazy\" decoding=\"async\" width=\"370\" height=\"247\" src=\"https:\/\/marianagomespedrosa.adv.br\/portal\/wp-content\/uploads\/2024\/02\/18551a66-3e7b-4b13-b40e-6648c282983a-370x247.jpeg\" class=\"pt-cv-thumbnail\" alt=\"\" \/><\/a>\n<h3 class=\"pt-cv-title\"><a href=\"https:\/\/marianagomespedrosa.adv.br\/portal\/despejo-e-locacoes-conheca-seus-direitos\/\" class=\"_self\" target=\"_self\" >Despejo e Loca\u00e7\u00f5es: Conhe\u00e7a seus direitos!<\/a><\/h3><\/div><\/div>\n<div class=\"col-md-6 col-sm-6 col-xs-12 pt-cv-content-item pt-cv-1-col\" ><div class='pt-cv-ifield'><a href=\"https:\/\/marianagomespedrosa.adv.br\/portal\/uma-analise-de-a-bilionaria-o-mordomo-e-o-namorado\/\" class=\"_self pt-cv-href-thumbnail pt-cv-thumb-default\" target=\"_self\" ><img loading=\"lazy\" decoding=\"async\" width=\"370\" height=\"247\" src=\"https:\/\/marianagomespedrosa.adv.br\/portal\/wp-content\/uploads\/2024\/02\/WhatsApp-Image-2024-02-14-at-15.06.04-370x247.jpeg\" class=\"pt-cv-thumbnail\" alt=\"\" \/><\/a>\n<h3 class=\"pt-cv-title\"><a href=\"https:\/\/marianagomespedrosa.adv.br\/portal\/uma-analise-de-a-bilionaria-o-mordomo-e-o-namorado\/\" class=\"_self\" target=\"_self\" >UMA AN\u00c1LISE DE &#8220;A BILION\u00c1RIA, O MORDOMO E O NAMORADO&#8221;<\/a><\/h3><\/div><\/div><\/div><\/div>\n<div class=\" pt-cv-pagination-wrapper\"><ul class=\"pt-cv-pagination pt-cv-ajax pagination\" data-totalpages=\"3\" data-currentpage=\"1\" data-sid=\"80f1860qea\" data-unid=\"\" data-isblock=\"\" data-postid=\"\"><li class=\"active\"><a href=\"#\">1<\/a><\/li>\n\t<li ><a class=\"\" href=\"https:\/\/marianagomespedrosa.adv.br\/portal\/wp-json\/wp\/v2\/pages\/1975\/?_page=2\">2<\/a><\/li>\n\t<li ><a class=\"\" href=\"https:\/\/marianagomespedrosa.adv.br\/portal\/wp-json\/wp\/v2\/pages\/1975\/?_page=3\">3<\/a><\/li>\n\t<li ><a class=\" \" href=\"https:\/\/marianagomespedrosa.adv.br\/portal\/wp-json\/wp\/v2\/pages\/1975\/?_page=2\">&rsaquo;<\/a><\/li>\n\t<\/ul><img loading=\"lazy\" decoding=\"async\" width=\"15\" height=\"15\" class=\"pt-cv-spinner\" alt=\"Loading...\" src=\"data:image\/gif;base64,R0lGODlhDwAPALMPAMrKygwMDJOTkz09PZWVla+vr3p6euTk5M7OzuXl5TMzMwAAAJmZmWZmZszMzP\/\/\/yH\/C05FVFNDQVBFMi4wAwEAAAAh+QQFCgAPACwAAAAADwAPAAAEQvDJaZaZOIcV8iQK8VRX4iTYoAwZ4iCYoAjZ4RxejhVNoT+mRGP4cyF4Pp0N98sBGIBMEMOotl6YZ3S61Bmbkm4mAgAh+QQFCgAPACwAAAAADQANAAAENPDJSRSZeA418itN8QiK8BiLITVsFiyBBIoYqnoewAD4xPw9iY4XLGYSjkQR4UAUD45DLwIAIfkEBQoADwAsAAAAAA8ACQAABC\/wyVlamTi3nSdgwFNdhEJgTJoNyoB9ISYoQmdjiZPcj7EYCAeCF1gEDo4Dz2eIAAAh+QQFCgAPACwCAAAADQANAAAEM\/DJBxiYeLKdX3IJZT1FU0iIg2RNKx3OkZVnZ98ToRD4MyiDnkAh6BkNC0MvsAj0kMpHBAAh+QQFCgAPACwGAAAACQAPAAAEMDC59KpFDll73HkAA2wVY5KgiK5b0RRoI6MuzG6EQqCDMlSGheEhUAgqgUUAFRySIgAh+QQFCgAPACwCAAIADQANAAAEM\/DJKZNLND\/kkKaHc3xk+QAMYDKsiaqmZCxGVjSFFCxB1vwy2oOgIDxuucxAMTAJFAJNBAAh+QQFCgAPACwAAAYADwAJAAAEMNAs86q1yaWwwv2Ig0jUZx3OYa4XoRAfwADXoAwfo1+CIjyFRuEho60aSNYlOPxEAAAh+QQFCgAPACwAAAIADQANAAAENPA9s4y8+IUVcqaWJ4qEQozSoAzoIyhCK2NFU2SJk0hNnyEOhKR2AzAAj4Pj4GE4W0bkJQIAOw==\" \/><div class=\"clear pt-cv-clear-pagination\"><\/div><\/div><\/div>[\/vc_column_text][\/vc_column][vc_column width=&#8221;1\/4&#8243;][vc_widget_sidebar sidebar_id=&#8221;sidebar-blog&#8221; el_class=&#8221;sidebar&#8221;][\/vc_column][\/vc_row]<\/p>\n<\/div>","protected":false},"excerpt":{"rendered":"<p>[vc_row full_width=&#8221;stretch_row_content_no_spaces&#8221; content_placement=&#8221;top&#8221; parallax=&#8221;content-moving&#8221; parallax_image=&#8221;1919&#8243; bg_type=&#8221;image&#8221; parallax_style=&#8221;vcpb-vz-jquery&#8221; bg_image_new=&#8221;21743&#8243; bg_image_repeat=&#8221;no-repeat&#8221; parallax_sense=&#8221;50&#8243; disable_on_mobile_img_parallax=&#8221;off&#8221; parallax_content=&#8221;parallax_content_value&#8221; parallax_content_sense=&#8221;70&#8243; fadeout_row=&#8221;fadeout_row_value&#8221; fadeout_start_effect=&#8221;50&#8243; enable_overlay=&#8221;off&#8221; seperator_enable=&#8221;seperator_enable_value&#8221; seperator_type=&#8221;triangle_svg_seperator&#8221; seperator_position=&#8221;bottom_seperator&#8221; seperator_svg_height=&#8221;12&#8243; seperator_shape_background=&#8221;#08ada7&#8243; css=&#8221;.vc_custom_1555163782234{margin-top: 0px !important;margin-bottom: 0px !important;padding-top: 250px !important;padding-bottom: 160px !important;}&#8221;][vc_column][vc_column_text][\/vc_column_text][\/vc_column][\/vc_row][vc_row bg_type=&#8221;bg_color&#8221; seperator_enable=&#8221;off&#8221;][vc_column][vc_custom_heading text=&#8221;Videos&#8221; font_container=&#8221;tag:h2|font_size:42|text_align:left&#8221; use_theme_fonts=&#8221;yes&#8221; css=&#8221;.vc_custom_1555341280531{margin-bottom: 0px !important;padding-top: 40px !important;padding-bottom: 2px !important;}&#8221;][vc_separator color=&#8221;custom&#8221; align=&#8221;align_left&#8221; accent_color=&#8221;#c9a58d&#8221;][vc_empty_space][\/vc_column][\/vc_row][vc_row bg_type=&#8221;bg_color&#8221; seperator_enable=&#8221;off&#8221;][vc_column width=&#8221;3\/4&#8243;][vc_empty_space][vc_column_text css=&#8221;.vc_custom_1555341339359{padding-right: 20px !important;}&#8221;][\/vc_column_text][\/vc_column][vc_column [&hellip;]<\/p>\n","protected":false},"author":3,"featured_media":0,"parent":0,"menu_order":0,"comment_status":"closed","ping_status":"closed","template":"tpl\/front-page.php","meta":{"footnotes":""},"class_list":["post-1975","page","type-page","status-publish","hentry"],"aioseo_notices":[],"_links":{"self":[{"href":"https:\/\/marianagomespedrosa.adv.br\/portal\/wp-json\/wp\/v2\/pages\/1975","targetHints":{"allow":["GET"]}}],"collection":[{"href":"https:\/\/marianagomespedrosa.adv.br\/portal\/wp-json\/wp\/v2\/pages"}],"about":[{"href":"https:\/\/marianagomespedrosa.adv.br\/portal\/wp-json\/wp\/v2\/types\/page"}],"author":[{"embeddable":true,"href":"https:\/\/marianagomespedrosa.adv.br\/portal\/wp-json\/wp\/v2\/users\/3"}],"replies":[{"embeddable":true,"href":"https:\/\/marianagomespedrosa.adv.br\/portal\/wp-json\/wp\/v2\/comments?post=1975"}],"version-history":[{"count":7,"href":"https:\/\/marianagomespedrosa.adv.br\/portal\/wp-json\/wp\/v2\/pages\/1975\/revisions"}],"predecessor-version":[{"id":2004,"href":"https:\/\/marianagomespedrosa.adv.br\/portal\/wp-json\/wp\/v2\/pages\/1975\/revisions\/2004"}],"wp:attachment":[{"href":"https:\/\/marianagomespedrosa.adv.br\/portal\/wp-json\/wp\/v2\/media?parent=1975"}],"curies":[{"name":"wp","href":"https:\/\/api.w.org\/{rel}","templated":true}]}}