{"id":1844,"date":"2019-04-12T18:03:37","date_gmt":"2019-04-12T18:03:37","guid":{"rendered":"http:\/\/marianagomespedrosa.adv.br\/portal\/?page_id=1844"},"modified":"2023-09-13T13:46:35","modified_gmt":"2023-09-13T13:46:35","slug":"areas-de-atuacao","status":"publish","type":"page","link":"https:\/\/marianagomespedrosa.adv.br\/portal\/areas-de-atuacao\/","title":{"rendered":"\u00c1reas de Atua\u00e7\u00e3o"},"content":{"rendered":"<div class=\"wpb-content-wrapper\"><p>[vc_row full_width=&#8221;stretch_row_content_no_spaces&#8221; content_placement=&#8221;top&#8221; parallax=&#8221;content-moving&#8221; parallax_image=&#8221;2204&#8243; bg_type=&#8221;image&#8221; parallax_style=&#8221;vcpb-vz-jquery&#8221; bg_image_new=&#8221;21743&#8243; bg_image_repeat=&#8221;no-repeat&#8221; parallax_sense=&#8221;50&#8243; disable_on_mobile_img_parallax=&#8221;off&#8221; parallax_content=&#8221;parallax_content_value&#8221; parallax_content_sense=&#8221;70&#8243; fadeout_row=&#8221;fadeout_row_value&#8221; fadeout_start_effect=&#8221;50&#8243; enable_overlay=&#8221;off&#8221; seperator_enable=&#8221;seperator_enable_value&#8221; seperator_type=&#8221;triangle_svg_seperator&#8221; seperator_position=&#8221;bottom_seperator&#8221; seperator_svg_height=&#8221;12&#8243; seperator_shape_background=&#8221;#08ada7&#8243; css=&#8221;.vc_custom_1619272872024{margin-top: 0px !important;margin-bottom: 0px !important;padding-top: 250px !important;padding-bottom: 160px !important;}&#8221;][vc_column][vc_column_text][\/vc_column_text][vc_empty_space height=&#8221;60px&#8221;][\/vc_column][\/vc_row][vc_row bg_type=&#8221;bg_color&#8221; seperator_enable=&#8221;off&#8221;][vc_column][vc_custom_heading text=&#8221;\u00c1reas de<strong> Atua\u00e7\u00e3o <\/strong>&#8221; font_container=&#8221;tag:h2|font_size:42|text_align:left&#8221; use_theme_fonts=&#8221;yes&#8221; css=&#8221;.vc_custom_1555105245805{margin-bottom: 0px !important;padding-top: 40px !important;padding-bottom: 2px !important;}&#8221;][vc_separator color=&#8221;custom&#8221; align=&#8221;align_left&#8221; accent_color=&#8221;#c9a58d&#8221;][vc_empty_space][\/vc_column][\/vc_row][vc_row bg_type=&#8221;bg_color&#8221; seperator_enable=&#8221;off&#8221; css=&#8221;.vc_custom_1555090383469{padding-bottom: 40px !important;}&#8221;][vc_column width=&#8221;1\/2&#8243;][vc_empty_space][\/vc_column][vc_column width=&#8221;1\/2&#8243;][vc_empty_space height=&#8221;40px&#8221;][\/vc_column][\/vc_row][vc_row bg_type=&#8221;bg_color&#8221; seperator_enable=&#8221;off&#8221; css=&#8221;.vc_custom_1555090383469{padding-bottom: 40px !important;}&#8221;][vc_column width=&#8221;1\/2&#8243;][vc_icon icon_fontawesome=&#8221;fa fa-gavel&#8221; color=&#8221;custom&#8221; size=&#8221;xl&#8221; align=&#8221;center&#8221; custom_color=&#8221;#140506&#8243;][vc_column_text]<\/p>\n<p style=\"text-align: justify;\">Nesta \u00e1rea, o escrit\u00f3rio presta assessoria e consultoria jur\u00eddica e administrativa a partidos pol\u00edticos, candidatos e coliga\u00e7\u00f5es, atuando na campanha eleitoral, de modo a aliar o trabalho jur\u00eddico ao planejamento log\u00edstico e estrat\u00e9gico. Destaca-se o acompanhamento da regularidade e legalidade dos atos praticados no per\u00edodo eleitoral no tocante a registro de candidaturas, propaganda pol\u00edtica e presta\u00e7\u00e3o de contas. Atua ainda na postula\u00e7\u00e3o e defesa em todos os processos judiciais eleitorais.<br \/>\nDentre as suas atribui\u00e7\u00f5es nesta \u00e1rea, o escrit\u00f3rio opera tamb\u00e9m perante o Tribunal Regional Eleitoral do Cear\u00e1.<\/p>\n<p>[\/vc_column_text][\/vc_column][vc_column width=&#8221;1\/2&#8243;][vc_icon icon_fontawesome=&#8221;fa fa-gavel&#8221; color=&#8221;custom&#8221; size=&#8221;xl&#8221; align=&#8221;center&#8221; custom_color=&#8221;#140506&#8243;][vc_column_text]<\/p>\n<p style=\"text-align: justify;\">Neste ramo do Direito Civil respons\u00e1vel pela regulamenta\u00e7\u00e3o do poder sobre os bens e as suas formas de utiliza\u00e7\u00e3o, o escrit\u00f3rio atua na postula\u00e7\u00e3o e defesa nas a\u00e7\u00f5es possess\u00f3rias de interdito proibit\u00f3rio, reintegra\u00e7\u00e3o e manuten\u00e7\u00e3o de posse, al\u00e9m de reivindica\u00e7\u00e3o, nuncia\u00e7\u00e3o de obra nova, imiss\u00e3o na posse, usucapi\u00e3o e demais atos necess\u00e1rios para assegurar o direito dos seus clientes sobre seus bens m\u00f3veis e im\u00f3veis.<\/p>\n<p>[\/vc_column_text][\/vc_column][\/vc_row][vc_row bg_type=&#8221;bg_color&#8221; seperator_enable=&#8221;off&#8221; css=&#8221;.vc_custom_1555090383469{padding-bottom: 40px !important;}&#8221;][vc_column width=&#8221;1\/2&#8243;][vc_column_text]<\/p>\n<p style=\"text-align: justify;\">Nesta \u00e1rea, o escrit\u00f3rio presta assessoria e consultoria jur\u00eddica e administrativa a partidos pol\u00edticos, candidatos e coliga\u00e7\u00f5es, atuando na campanha eleitoral, de modo a aliar o trabalho jur\u00eddico ao planejamento log\u00edstico e estrat\u00e9gico. Destaca-se o acompanhamento da regularidade e legalidade dos atos praticados no per\u00edodo eleitoral no tocante a registro de candidaturas, propaganda pol\u00edtica e presta\u00e7\u00e3o de contas. Atua ainda na postula\u00e7\u00e3o e defesa em todos os processos judiciais eleitorais.<br \/>\nDentre as suas atribui\u00e7\u00f5es nesta \u00e1rea, o escrit\u00f3rio opera tamb\u00e9m perante o Tribunal Regional Eleitoral do Cear\u00e1.<\/p>\n<p>[\/vc_column_text][\/vc_column][vc_column width=&#8221;1\/2&#8243;][vc_column_text]<\/p>\n<p style=\"text-align: justify;\">Neste ramo do Direito Civil respons\u00e1vel pela regulamenta\u00e7\u00e3o do poder sobre os bens e as suas formas de utiliza\u00e7\u00e3o, o escrit\u00f3rio atua na postula\u00e7\u00e3o e defesa nas a\u00e7\u00f5es possess\u00f3rias de interdito proibit\u00f3rio, reintegra\u00e7\u00e3o e manuten\u00e7\u00e3o de posse, al\u00e9m de reivindica\u00e7\u00e3o, nuncia\u00e7\u00e3o de obra nova, imiss\u00e3o na posse, usucapi\u00e3o e demais atos necess\u00e1rios para assegurar o direito dos seus clientes sobre seus bens m\u00f3veis e im\u00f3veis.<\/p>\n<p>[\/vc_column_text][\/vc_column][\/vc_row][vc_row bg_type=&#8221;bg_color&#8221; seperator_enable=&#8221;off&#8221; css=&#8221;.vc_custom_1555090383469{padding-bottom: 40px !important;}&#8221;][vc_column width=&#8221;1\/2&#8243;][vc_icon icon_fontawesome=&#8221;fa fa-gavel&#8221; color=&#8221;custom&#8221; size=&#8221;xl&#8221; align=&#8221;center&#8221; custom_color=&#8221;#140506&#8243;][vc_column_text]<\/p>\n<p style=\"text-align: justify;\">Opera neste ramo do Direito Civil nas mat\u00e9rias pertinentes a indeniza\u00e7\u00f5es, direito do consumidor, il\u00edcitos contratuais, contratos de consumo e etc., aplicando a melhor t\u00e9cnica jur\u00eddica visando a justa repara\u00e7\u00e3o dos danos sofridos ou, ainda, prestando assessoria completa para assegurar a melhor defesa perante a justi\u00e7a.<\/p>\n<p>[\/vc_column_text][\/vc_column][vc_column width=&#8221;1\/2&#8243;][vc_icon icon_fontawesome=&#8221;fa fa-gavel&#8221; color=&#8221;custom&#8221; size=&#8221;xl&#8221; align=&#8221;center&#8221; custom_color=&#8221;#140506&#8243;][vc_column_text]<\/p>\n<p style=\"text-align: justify;\">Atua prestando servi\u00e7os de consultoria e assessoria jur\u00eddica nas quest\u00f5es envolvendo credor e devedor com a finalidade de assegurar a melhor solu\u00e7\u00e3o para o adimplemento da obriga\u00e7\u00e3o, seja na postula\u00e7\u00e3o ou defesa em a\u00e7\u00f5es de dar, fazer ou n\u00e3o fazer e todas as rela\u00e7\u00f5es jur\u00eddicas que advierem deste segmento do direito.<\/p>\n<p>[\/vc_column_text][\/vc_column][\/vc_row][vc_row bg_type=&#8221;bg_color&#8221; seperator_enable=&#8221;off&#8221; css=&#8221;.vc_custom_1555090383469{padding-bottom: 40px !important;}&#8221;][vc_column width=&#8221;1\/2&#8243;][vc_column_text]<\/p>\n<p style=\"text-align: justify;\">Presta servi\u00e7os de natureza consultiva e contenciosa de forma humanizada e observando os princ\u00edpios da media\u00e7\u00e3o. Dentro desta esfera, a atua\u00e7\u00e3o do escrit\u00f3rio abrange os temas: casamento, uni\u00e3o est\u00e1vel, separa\u00e7\u00e3o e div\u00f3rcio, guarda judicial, regulamenta\u00e7\u00e3o de visitas, pens\u00e3o aliment\u00edcia, tutela, ado\u00e7\u00e3o, interdi\u00e7\u00e3o, investiga\u00e7\u00e3o de paternidade, invent\u00e1rio, testamento, dentre outros.<\/p>\n<p>[\/vc_column_text][\/vc_column][vc_column width=&#8221;1\/2&#8243;][vc_column_text]<\/p>\n<p style=\"text-align: justify;\">Advocacia preventiva, consultiva e contenciosa relativa a quest\u00f5es envolvendo a Tecnologia da Informa\u00e7\u00e3o, direito na internet, crimes de inform\u00e1tica, Lei do Software, acompanhamento de processos administrativos e judiciais que envolvam os riscos referentes \u00e0s onipresentes preocupa\u00e7\u00f5es com a prote\u00e7\u00e3o de dados pessoais, propriedade intelectual e publica\u00e7\u00f5es na internet.<\/p>\n<p>[\/vc_column_text][\/vc_column][\/vc_row][vc_row][vc_column][vc_empty_space][vc_empty_space][\/vc_column][\/vc_row]<\/p>\n<\/div>","protected":false},"excerpt":{"rendered":"<p>[vc_row full_width=&#8221;stretch_row_content_no_spaces&#8221; content_placement=&#8221;top&#8221; parallax=&#8221;content-moving&#8221; parallax_image=&#8221;2204&#8243; bg_type=&#8221;image&#8221; parallax_style=&#8221;vcpb-vz-jquery&#8221; bg_image_new=&#8221;21743&#8243; bg_image_repeat=&#8221;no-repeat&#8221; parallax_sense=&#8221;50&#8243; disable_on_mobile_img_parallax=&#8221;off&#8221; parallax_content=&#8221;parallax_content_value&#8221; parallax_content_sense=&#8221;70&#8243; fadeout_row=&#8221;fadeout_row_value&#8221; fadeout_start_effect=&#8221;50&#8243; enable_overlay=&#8221;off&#8221; seperator_enable=&#8221;seperator_enable_value&#8221; seperator_type=&#8221;triangle_svg_seperator&#8221; seperator_position=&#8221;bottom_seperator&#8221; seperator_svg_height=&#8221;12&#8243; seperator_shape_background=&#8221;#08ada7&#8243; css=&#8221;.vc_custom_1619272872024{margin-top: 0px !important;margin-bottom: 0px !important;padding-top: 250px !important;padding-bottom: 160px !important;}&#8221;][vc_column][vc_column_text][\/vc_column_text][vc_empty_space height=&#8221;60px&#8221;][\/vc_column][\/vc_row][vc_row bg_type=&#8221;bg_color&#8221; seperator_enable=&#8221;off&#8221;][vc_column][vc_custom_heading text=&#8221;\u00c1reas de Atua\u00e7\u00e3o &#8221; font_container=&#8221;tag:h2|font_size:42|text_align:left&#8221; use_theme_fonts=&#8221;yes&#8221; css=&#8221;.vc_custom_1555105245805{margin-bottom: 0px !important;padding-top: 40px !important;padding-bottom: 2px !important;}&#8221;][vc_separator color=&#8221;custom&#8221; align=&#8221;align_left&#8221; accent_color=&#8221;#c9a58d&#8221;][vc_empty_space][\/vc_column][\/vc_row][vc_row bg_type=&#8221;bg_color&#8221; seperator_enable=&#8221;off&#8221; [&hellip;]<\/p>\n","protected":false},"author":1,"featured_media":0,"parent":0,"menu_order":0,"comment_status":"closed","ping_status":"closed","template":"tpl\/front-page.php","meta":{"footnotes":""},"class_list":["post-1844","page","type-page","status-publish","hentry"],"aioseo_notices":[],"_links":{"self":[{"href":"https:\/\/marianagomespedrosa.adv.br\/portal\/wp-json\/wp\/v2\/pages\/1844","targetHints":{"allow":["GET"]}}],"collection":[{"href":"https:\/\/marianagomespedrosa.adv.br\/portal\/wp-json\/wp\/v2\/pages"}],"about":[{"href":"https:\/\/marianagomespedrosa.adv.br\/portal\/wp-json\/wp\/v2\/types\/page"}],"author":[{"embeddable":true,"href":"https:\/\/marianagomespedrosa.adv.br\/portal\/wp-json\/wp\/v2\/users\/1"}],"replies":[{"embeddable":true,"href":"https:\/\/marianagomespedrosa.adv.br\/portal\/wp-json\/wp\/v2\/comments?post=1844"}],"version-history":[{"count":38,"href":"https:\/\/marianagomespedrosa.adv.br\/portal\/wp-json\/wp\/v2\/pages\/1844\/revisions"}],"predecessor-version":[{"id":2241,"href":"https:\/\/marianagomespedrosa.adv.br\/portal\/wp-json\/wp\/v2\/pages\/1844\/revisions\/2241"}],"wp:attachment":[{"href":"https:\/\/marianagomespedrosa.adv.br\/portal\/wp-json\/wp\/v2\/media?parent=1844"}],"curies":[{"name":"wp","href":"https:\/\/api.w.org\/{rel}","templated":true}]}}