{"id":1820,"date":"2019-04-11T21:26:20","date_gmt":"2019-04-11T21:26:20","guid":{"rendered":"http:\/\/marianagomespedrosa.adv.br\/portal\/?page_id=1820"},"modified":"2023-09-13T14:09:17","modified_gmt":"2023-09-13T14:09:17","slug":"nosso-diferencial","status":"publish","type":"page","link":"https:\/\/marianagomespedrosa.adv.br\/portal\/nosso-diferencial\/","title":{"rendered":"Nosso Diferencial"},"content":{"rendered":"<div class=\"wpb-content-wrapper\"><p>[vc_row full_width=&#8221;stretch_row_content_no_spaces&#8221; content_placement=&#8221;top&#8221; parallax=&#8221;content-moving&#8221; parallax_image=&#8221;1958&#8243; bg_type=&#8221;image&#8221; parallax_style=&#8221;vcpb-vz-jquery&#8221; bg_image_new=&#8221;21743&#8243; bg_image_repeat=&#8221;no-repeat&#8221; parallax_sense=&#8221;50&#8243; disable_on_mobile_img_parallax=&#8221;off&#8221; parallax_content=&#8221;parallax_content_value&#8221; parallax_content_sense=&#8221;70&#8243; fadeout_row=&#8221;fadeout_row_value&#8221; fadeout_start_effect=&#8221;50&#8243; enable_overlay=&#8221;off&#8221; seperator_enable=&#8221;seperator_enable_value&#8221; seperator_type=&#8221;triangle_svg_seperator&#8221; seperator_position=&#8221;bottom_seperator&#8221; seperator_svg_height=&#8221;12&#8243; seperator_shape_background=&#8221;#08ada7&#8243; css=&#8221;.vc_custom_1555186135700{margin-top: 0px !important;margin-bottom: 0px !important;padding-top: 250px !important;padding-bottom: 220px !important;}&#8221;][vc_column][vc_column_text][\/vc_column_text][\/vc_column][\/vc_row][vc_row bg_type=&#8221;bg_color&#8221; seperator_enable=&#8221;off&#8221;][vc_column][vc_custom_heading text=&#8221;Nosso <strong> Diferencial <\/strong>&#8221; font_container=&#8221;tag:h2|font_size:42|text_align:left&#8221; use_theme_fonts=&#8221;yes&#8221; css=&#8221;.vc_custom_1555068694494{margin-bottom: 0px !important;padding-top: 40px !important;padding-bottom: 2px !important;}&#8221;][vc_separator color=&#8221;custom&#8221; align=&#8221;align_left&#8221; accent_color=&#8221;#c9a58d&#8221;][vc_empty_space][\/vc_column][\/vc_row][vc_row bg_type=&#8221;bg_color&#8221; seperator_enable=&#8221;off&#8221;][vc_column][vc_column_text]<\/p>\n<p style=\"text-align: left; font-size: 20px;\"><span style=\"color: #999999;\"><em>Com a vis\u00e3o de que o(a) Advogado(a) deve ser exemplo de cumprimento das normas, do direito e da justi\u00e7a para consigo e para com o pr\u00f3ximo, \u00e9 que pautamos o nosso trabalho com uma advocacia \u00e9tica, transparente e destemida.<\/em><\/span><\/p>\n<p>[\/vc_column_text][vc_empty_space][\/vc_column][\/vc_row][vc_row bg_type=&#8221;bg_color&#8221; seperator_enable=&#8221;off&#8221; css=&#8221;.vc_custom_1555090383469{padding-bottom: 40px !important;}&#8221;][vc_column width=&#8221;1\/2&#8243;][vc_empty_space height=&#8221;40px&#8221;][vc_custom_heading text=&#8221;Garantimos um atendimento personalizado e eficiente aos nossos clientes jur\u00eddicos&#8221; font_container=&#8221;tag:h2|font_size:36|text_align:left|color:%23c9a58d&#8221; use_theme_fonts=&#8221;yes&#8221; css=&#8221;.vc_custom_1694614091981{padding-right: 76px !important;padding-bottom: 24px !important;}&#8221;][vc_column_text]<\/p>\n<p style=\"text-align: justify;\">Observamos cada detalhe dos processos que nos s\u00e3o confiados e garantimos que todas as informa\u00e7\u00f5es sobre o andamento processual s\u00e3o fielmente repassadas aos nossos clientes. Buscamos sempre conferir a maior celeridade poss\u00edvel aos processos, impulsionando-os com estrat\u00e9gia jur\u00eddico-legal individual e cuidadosamente pensada para cada feito.<\/p>\n<p style=\"text-align: justify;\">Possu\u00edmos ampla experi\u00eancia nas \u00e1reas de Direito P\u00fablico, com \u00eanfase no Direito Eleitoral, coordenando campanhas pol\u00edticas e assessorando partidos pol\u00edticos e candidatos de n\u00edvel municipal e estadual, bem como no Direito Administrativo, na defesa de agentes pol\u00edticos, servidores p\u00fablicos ou pessoas jur\u00eddicas de direito privado que possuem ou possu\u00edram rela\u00e7\u00e3o contratual com o Poder P\u00fablico, em a\u00e7\u00f5es civis p\u00fablicas de improbidade administrativa, a\u00e7\u00f5es populares, mandados de seguran\u00e7a, bem como sem sede administrativa perante Minist\u00e9rio P\u00fablico e Tribunal de Contas do Estado.<\/p>\n<p>[\/vc_column_text][\/vc_column][vc_column width=&#8221;1\/2&#8243;][vc_empty_space height=&#8221;40px&#8221;][vc_single_image image=&#8221;2232&#8243; img_size=&#8221;full&#8221; alignment=&#8221;center&#8221;][\/vc_column][\/vc_row][vc_row full_width=&#8221;stretch_row&#8221; bg_type=&#8221;bg_color&#8221; seperator_enable=&#8221;off&#8221; css=&#8221;.vc_custom_1555090466026{padding-bottom: 40px !important;background-color: #fdfbf7 !important;}&#8221;][vc_column width=&#8221;1\/2&#8243;][vc_empty_space height=&#8221;52px&#8221;][vc_single_image image=&#8221;1842&#8243; img_size=&#8221;full&#8221; alignment=&#8221;center&#8221;][\/vc_column][vc_column width=&#8221;1\/2&#8243;][vc_empty_space][vc_custom_heading text=&#8221;Ainda dentro do Direito Administrativo, temos atua\u00e7\u00e3o na \u00e1rea de licita\u00e7\u00f5es e contrata\u00e7\u00f5es p\u00fablicas&#8221; font_container=&#8221;tag:h2|font_size:36|text_align:left|color:%23c9a58d&#8221; use_theme_fonts=&#8221;yes&#8221; css=&#8221;.vc_custom_1555089367656{padding-right: 76px !important;padding-bottom: 24px !important;}&#8221;][vc_column_text]<\/p>\n<p style=\"text-align: justify;\">tanto em favor da Administra\u00e7\u00e3o P\u00fablica enquanto ente contratante como tamb\u00e9m em favor de pessoas jur\u00eddicas de direito privado que concorrem em licita\u00e7\u00f5es e\/ou contratam com o Poder P\u00fablico.<\/p>\n<p style=\"text-align: justify;\">No campo do Direito Privado, o escrit\u00f3rio possui larga experi\u00eancia na \u00e1rea do Direito das Fam\u00edlias, Direito das Sucess\u00f5es, Direito das Coisas e Responsabilidade Civil, atuando tanto de forma extrajudicial na solu\u00e7\u00e3o dos conflitos como judicial.<\/p>\n<p style=\"text-align: justify;\">E dentro desta \u00e1rea, a Advogada Mariana Gomes Pedrosa Bezerra, \u00e9 Coordenadora do N\u00facleo Cariri do Instituto Brasileiro de Direito de Fam\u00edlia \u2013 IBDFAM, entidade n\u00e3o governamental com atua\u00e7\u00e3o de n\u00edvel nacional nas grandes causas que envolvem o Direito de Fam\u00edlia perante o Supremo Tribunal Federal e rec\u00e9m fundada aqui na regi\u00e3o do Cariri.<\/p>\n<p>[\/vc_column_text][\/vc_column][\/vc_row][vc_row][vc_column width=&#8221;1\/2&#8243;][vc_custom_heading text=&#8221;Um elo entre inova\u00e7\u00e3o, gest\u00e3o e preven\u00e7\u00e3o.&#8221; font_container=&#8221;tag:h2|font_size:44|text_align:left|color:%23c9a58d&#8221; use_theme_fonts=&#8221;yes&#8221; css=&#8221;.vc_custom_1555091282413{padding-right: 76px !important;padding-bottom: 24px !important;}&#8221;][vc_empty_space][\/vc_column][vc_column width=&#8221;1\/2&#8243;][vc_column_text]<\/p>\n<p style=\"text-align: left; font-size: 18px; padding-bottom: 18px; padding-top: 26px; font-weight: 600;\"><span style=\"color: #999999;\"><em>Com o prop\u00f3sito de estar sempre \u00e0 frente do seu tempo e adaptado \u00e0s novas realidades para melhor atender aos seus clientes, o escrit\u00f3rio tem atua\u00e7\u00e3o multidisciplinar e atualizada, com desempenho tamb\u00e9m na \u00e1rea do Direito Digital.<\/em><\/span><\/p>\n<p>[\/vc_column_text][vc_column_text]<\/p>\n<p style=\"text-align: justify;\">Em um elo entre inova\u00e7\u00e3o, gest\u00e3o e preven\u00e7\u00e3o, o Direito Eletr\u00f4nico \u00e9 uma disciplina que transita entre todas as \u00e1reas do Direito, seja civil, criminal, eleitoral ou de fam\u00edlia, haja vista que atualmente vivemos em uma sociedade essencialmente digital, e dentro deste novo cen\u00e1rio, as provas s\u00e3o eletr\u00f4nicas e a m\u00e1quina se faz como testemunha.<\/p>\n<p>[\/vc_column_text][\/vc_column][\/vc_row][vc_row disable_element=&#8221;yes&#8221; bg_type=&#8221;bg_color&#8221; seperator_enable=&#8221;off&#8221;][vc_column width=&#8221;1\/2&#8243;][vc_empty_space height=&#8221;58px&#8221;][vc_single_image image=&#8221;1814&#8243; img_size=&#8221;full&#8221; alignment=&#8221;center&#8221;][\/vc_column][vc_column width=&#8221;1\/2&#8243;][vc_custom_heading text=&#8221;Maria Nathalya Gon\u00e7alo dos Santos,&#8221; font_container=&#8221;tag:h2|font_size:32|text_align:left|color:%23c9a58d&#8221; use_theme_fonts=&#8221;yes&#8221; css=&#8221;.vc_custom_1555017032297{margin-bottom: 0px !important;padding-top: 40px !important;padding-bottom: 2px !important;}&#8221;][vc_empty_space][vc_column_text]<\/p>\n<p style=\"text-align: justify;\">\u00e9 jovem advogada, possui inscri\u00e7\u00e3o na OAB\/CE sob o n\u00b0 34.302. Graduada pela Faculdade Para\u00edso do Cear\u00e1 em 2016. \u00c9 especialista em Direito Processual Civil pela mesma institui\u00e7\u00e3o.<\/p>\n<p style=\"text-align: justify;\">Com forma\u00e7\u00e3o na \u00e1rea de Per\u00edcia Forense Computacional, atua tamb\u00e9m no ramo do Direito Digital, \u00e9 Diretora Jur\u00eddica da Associa\u00e7\u00e3o do Peritos em Computa\u00e7\u00e3o Forense, palestrante e escritora, coautora da obra Tratado de Inform\u00e1tica Forense, pela Editora Leud &#8211; Livraria e Editora Universit\u00e1ria de Direito, 2018.<\/p>\n<p style=\"text-align: justify;\">Engajada nas lutas pela Classe, foi vice-presidente da Caixa de Assist\u00eancia dos Advogados do Estado do Cear\u00e1 na Subse\u00e7\u00e3o Juazeiro do Norte; Presidente da Comiss\u00e3o de Empreendedorismo Jur\u00eddico e Tecnologia da Informa\u00e7\u00e3o da OAB\/CE na Subse\u00e7\u00e3o Juazeiro do Norte; Presidente da Comiss\u00e3o de Apoio \u00e0 Presid\u00eancia da OAB\/CE na Subsec\u00e7\u00e3o Juazeiro do Norte; Membro da Comiss\u00e3o Especial sobre Crimes Digitais do Canal Ci\u00eancias Criminais e Produtora de Conte\u00fado da plataforma Direito Ensinado com \u00eanfase na \u00e1rea de Direito Digital.<\/p>\n<p style=\"text-align: justify;\">Atualmente \u00e9 vice coordenadora do N\u00facleo Cariri do Instituto Brasileiro de Direito de Fam\u00edlia \u2013 IBDFAM e d\u00e1 a sua contribui\u00e7\u00e3o \u00e0 Ordem dos Advogados do Brasil como Presidente da Caixa de Assist\u00eancia dos Advogados do Estado do Cear\u00e1 \u2013 CAACE, na Subsec\u00e7\u00e3o de Juazeiro do Norte para o tri\u00eanio 2019-2021, al\u00e9m de ser membro da Comiss\u00e3o de Advocacia Preventiva e Compliance.<\/p>\n<p>[\/vc_column_text][\/vc_column][\/vc_row][vc_row][vc_column][vc_empty_space][vc_empty_space][\/vc_column][\/vc_row]<\/p>\n<\/div>","protected":false},"excerpt":{"rendered":"<p>[vc_row full_width=&#8221;stretch_row_content_no_spaces&#8221; content_placement=&#8221;top&#8221; parallax=&#8221;content-moving&#8221; parallax_image=&#8221;1958&#8243; bg_type=&#8221;image&#8221; parallax_style=&#8221;vcpb-vz-jquery&#8221; bg_image_new=&#8221;21743&#8243; bg_image_repeat=&#8221;no-repeat&#8221; parallax_sense=&#8221;50&#8243; disable_on_mobile_img_parallax=&#8221;off&#8221; parallax_content=&#8221;parallax_content_value&#8221; parallax_content_sense=&#8221;70&#8243; fadeout_row=&#8221;fadeout_row_value&#8221; fadeout_start_effect=&#8221;50&#8243; enable_overlay=&#8221;off&#8221; seperator_enable=&#8221;seperator_enable_value&#8221; seperator_type=&#8221;triangle_svg_seperator&#8221; seperator_position=&#8221;bottom_seperator&#8221; seperator_svg_height=&#8221;12&#8243; seperator_shape_background=&#8221;#08ada7&#8243; css=&#8221;.vc_custom_1555186135700{margin-top: 0px !important;margin-bottom: 0px !important;padding-top: 250px !important;padding-bottom: 220px !important;}&#8221;][vc_column][vc_column_text][\/vc_column_text][\/vc_column][\/vc_row][vc_row bg_type=&#8221;bg_color&#8221; seperator_enable=&#8221;off&#8221;][vc_column][vc_custom_heading text=&#8221;Nosso Diferencial &#8221; font_container=&#8221;tag:h2|font_size:42|text_align:left&#8221; use_theme_fonts=&#8221;yes&#8221; css=&#8221;.vc_custom_1555068694494{margin-bottom: 0px !important;padding-top: 40px !important;padding-bottom: 2px !important;}&#8221;][vc_separator color=&#8221;custom&#8221; align=&#8221;align_left&#8221; accent_color=&#8221;#c9a58d&#8221;][vc_empty_space][\/vc_column][\/vc_row][vc_row bg_type=&#8221;bg_color&#8221; seperator_enable=&#8221;off&#8221;][vc_column][vc_column_text] Com a [&hellip;]<\/p>\n","protected":false},"author":3,"featured_media":0,"parent":0,"menu_order":0,"comment_status":"closed","ping_status":"closed","template":"tpl\/front-page.php","meta":{"footnotes":""},"class_list":["post-1820","page","type-page","status-publish","hentry"],"aioseo_notices":[],"_links":{"self":[{"href":"https:\/\/marianagomespedrosa.adv.br\/portal\/wp-json\/wp\/v2\/pages\/1820","targetHints":{"allow":["GET"]}}],"collection":[{"href":"https:\/\/marianagomespedrosa.adv.br\/portal\/wp-json\/wp\/v2\/pages"}],"about":[{"href":"https:\/\/marianagomespedrosa.adv.br\/portal\/wp-json\/wp\/v2\/types\/page"}],"author":[{"embeddable":true,"href":"https:\/\/marianagomespedrosa.adv.br\/portal\/wp-json\/wp\/v2\/users\/3"}],"replies":[{"embeddable":true,"href":"https:\/\/marianagomespedrosa.adv.br\/portal\/wp-json\/wp\/v2\/comments?post=1820"}],"version-history":[{"count":25,"href":"https:\/\/marianagomespedrosa.adv.br\/portal\/wp-json\/wp\/v2\/pages\/1820\/revisions"}],"predecessor-version":[{"id":2246,"href":"https:\/\/marianagomespedrosa.adv.br\/portal\/wp-json\/wp\/v2\/pages\/1820\/revisions\/2246"}],"wp:attachment":[{"href":"https:\/\/marianagomespedrosa.adv.br\/portal\/wp-json\/wp\/v2\/media?parent=1820"}],"curies":[{"name":"wp","href":"https:\/\/api.w.org\/{rel}","templated":true}]}}