{"id":1624,"date":"2019-04-11T21:22:17","date_gmt":"2019-04-11T21:22:17","guid":{"rendered":"http:\/\/marianagomespedrosa.adv.br\/portal\/?page_id=1624"},"modified":"2023-09-20T17:14:24","modified_gmt":"2023-09-20T17:14:24","slug":"quem-somos","status":"publish","type":"page","link":"https:\/\/marianagomespedrosa.adv.br\/portal\/quem-somos\/","title":{"rendered":"Quem Somos"},"content":{"rendered":"<div class=\"wpb-content-wrapper\"><p>[vc_row full_width=&#8221;stretch_row_content_no_spaces&#8221; content_placement=&#8221;middle&#8221; parallax=&#8221;content-moving&#8221; parallax_image=&#8221;2198&#8243; bg_type=&#8221;image&#8221; parallax_style=&#8221;vcpb-vz-jquery&#8221; bg_image_new=&#8221;21743&#8243; bg_image_repeat=&#8221;no-repeat&#8221; parallax_sense=&#8221;50&#8243; disable_on_mobile_img_parallax=&#8221;off&#8221; parallax_content=&#8221;parallax_content_value&#8221; parallax_content_sense=&#8221;70&#8243; fadeout_row=&#8221;fadeout_row_value&#8221; fadeout_start_effect=&#8221;50&#8243; enable_overlay=&#8221;off&#8221; seperator_enable=&#8221;seperator_enable_value&#8221; seperator_type=&#8221;triangle_svg_seperator&#8221; seperator_position=&#8221;bottom_seperator&#8221; seperator_svg_height=&#8221;12&#8243; seperator_shape_background=&#8221;#08ada7&#8243; css=&#8221;.vc_custom_1694539902679{margin-top: 0px !important;margin-bottom: 0px !important;padding-top: 250px !important;padding-bottom: 160px !important;background-position: 0 0;background-repeat:-repeat;}&#8221;][vc_column][vc_column_text][\/vc_column_text][\/vc_column][\/vc_row][vc_row bg_type=&#8221;bg_color&#8221; seperator_enable=&#8221;off&#8221;][vc_column][vc_custom_heading text=&#8221;Quem <strong> Somos <\/strong>&#8221; font_container=&#8221;tag:h2|font_size:42|text_align:left&#8221; use_theme_fonts=&#8221;yes&#8221; css=&#8221;.vc_custom_1555015269572{margin-bottom: 0px !important;padding-top: 40px !important;padding-bottom: 2px !important;}&#8221;][vc_separator color=&#8221;custom&#8221; align=&#8221;align_left&#8221; accent_color=&#8221;#c9a58d&#8221;][vc_empty_space][\/vc_column][\/vc_row][vc_row bg_type=&#8221;bg_color&#8221; seperator_enable=&#8221;off&#8221;][vc_column width=&#8221;1\/2&#8243;][vc_custom_heading text=&#8221;Mariana Gomes Pedrosa Bezerra&#8221; font_container=&#8221;tag:h2|font_size:32|text_align:left|color:%23c9a58d&#8221; use_theme_fonts=&#8221;yes&#8221; css=&#8221;.vc_custom_1556069800134{margin-bottom: 0px !important;padding-top: 40px !important;padding-bottom: 2px !important;}&#8221;][vc_empty_space][vc_column_text]<\/p>\n<p style=\"text-align: justify;\">\u00c9 advogada h\u00e1 16 anos, inscrita na OAB\/CE sob o n\u00ba 19.348. Graduou-se pela Universidade Regional do Cariri \u2013 URCA. \u00c9 especialista em Direito e Processo Eleitoral pela Faculdade Maur\u00edcio de Nassau, em Recife\/PE e p\u00f3s-graduanda em Licita\u00e7\u00f5es e Contrata\u00e7\u00f5es P\u00fablicas pela Universidade 7 de Setembro \u2013 UNI7, em Fortaleza\/CE.<\/p>\n<p style=\"text-align: justify;\">Foi a mais jovem Procuradora Geral do Munic\u00edpio de Juazeiro do Norte\/CE, com apenas 23 anos, tendo exercido o cargo duas vezes, nos anos de 2007-2008 e 2013-2014.<\/p>\n<p style=\"text-align: justify;\">Foi Assessora Jur\u00eddica da C\u00e2mara Municipal de Mauriti\/CE (2017-2018). Atualmente \u00e9 Diretora do Instituto Cearense de Direito Eleitoral \u2013 ICEDE e Coordenadora do N\u00facleo Cariri do Instituto Brasileiro de Direito de Fam\u00edlia \u2013 IBDFAM.<\/p>\n<p style=\"text-align: justify;\">Possui tamb\u00e9m forte atua\u00e7\u00e3o perante a Ordem dos Advogados do Brasil, tendo sido Presidente da Comiss\u00e3o de Prerrogativas da Ordem dos Advogados do Brasil, Subse\u00e7\u00e3o Juazeiro do Norte\/CE (2007-2009), membro da Comiss\u00e3o de Ensino Jur\u00eddico da Subse\u00e7\u00e3o Juazeiro do Norte\/CE (2010-2012) e Presidente da Comiss\u00e3o de Eventos tamb\u00e9m da Subse\u00e7\u00e3o Juazeiro do Norte\/CE (2016-2018).<\/p>\n<p style=\"text-align: justify;\">Ocupa o cargo de Conselheira Estadual da Ordem dos Advogados do Brasil, Se\u00e7\u00e3o Cear\u00e1 (2019-2021), sendo a primeira Advogada do Cariri a ter assento como titular do Conselho Seccional. Foi a 1\u00aa Vice Presidente da Comiss\u00e3o de Direito Eleitoral da Ordem dos Advogados do Brasil, Se\u00e7\u00e3o Cear\u00e1.<\/p>\n<p>Atualmente \u00e9 professora, Conselheira Estadual da OAB\/CE, em segundo mandato (tri\u00eanio 2022-2024), Vice-Presidente da Comiss\u00e3o Especial de Direito das Sucess\u00f5es da OAB Nacional e Vice-Presidente da Comiss\u00e3o de Direito das Sucess\u00f5es da OAB\/CE.<br \/>\nPresidente do Instituto Brasileiro de Direito de Fam\u00edlia &#8211; IBDFAM, n\u00facleo Cariri.<\/p>\n<p><strong>E-mail: mariana@marianagomespedrosa.adv.br<\/strong>[\/vc_column_text][\/vc_column][vc_column width=&#8221;1\/2&#8243;][vc_empty_space height=&#8221;58px&#8221;][vc_single_image image=&#8221;2244&#8243; img_size=&#8221;full&#8221; alignment=&#8221;center&#8221;][\/vc_column][\/vc_row][vc_row][vc_column][vc_empty_space][vc_separator color=&#8221;custom&#8221; align=&#8221;align_left&#8221; accent_color=&#8221;#e4dad4&#8243;][vc_empty_space][\/vc_column][\/vc_row][vc_row disable_element=&#8221;yes&#8221; bg_type=&#8221;bg_color&#8221; seperator_enable=&#8221;off&#8221;][vc_column width=&#8221;1\/2&#8243;][vc_empty_space height=&#8221;58px&#8221;][vc_single_image image=&#8221;1814&#8243; img_size=&#8221;full&#8221; alignment=&#8221;center&#8221;][\/vc_column][vc_column width=&#8221;1\/2&#8243;][vc_custom_heading text=&#8221;Maria Nathalia Gon\u00e7alo dos Santos&#8221; font_container=&#8221;tag:h2|font_size:32|text_align:left|color:%23c9a58d&#8221; use_theme_fonts=&#8221;yes&#8221; css=&#8221;.vc_custom_1556069790762{margin-bottom: 0px !important;padding-top: 40px !important;padding-bottom: 2px !important;}&#8221;][vc_empty_space][vc_column_text]<\/p>\n<p style=\"text-align: justify;\">\u00c9 jovem advogada, possui inscri\u00e7\u00e3o na OAB\/CE sob o n\u00b0 34.302. Graduada pela Faculdade Para\u00edso do Cear\u00e1 em 2016. \u00c9 especialista em Direito Processual Civil pela mesma institui\u00e7\u00e3o.<\/p>\n<p style=\"text-align: justify;\">Com forma\u00e7\u00e3o na \u00e1rea de Per\u00edcia Forense Computacional, atua tamb\u00e9m no ramo do Direito Digital, \u00e9 Diretora Jur\u00eddica da Associa\u00e7\u00e3o do Peritos em Computa\u00e7\u00e3o Forense, palestrante e escritora, coautora da obra Tratado de Inform\u00e1tica Forense, pela Editora Leud &#8211; Livraria e Editora Universit\u00e1ria de Direito, 2018.<\/p>\n<p style=\"text-align: justify;\">Engajada nas lutas pela Classe, foi vice-presidente da Caixa de Assist\u00eancia dos Advogados do Estado do Cear\u00e1 na Subse\u00e7\u00e3o Juazeiro do Norte; Presidente da Comiss\u00e3o de Empreendedorismo Jur\u00eddico e Tecnologia da Informa\u00e7\u00e3o da OAB\/CE na Subse\u00e7\u00e3o Juazeiro do Norte; Presidente da Comiss\u00e3o de Apoio \u00e0 Presid\u00eancia da OAB\/CE na Subsec\u00e7\u00e3o Juazeiro do Norte; Membro da Comiss\u00e3o Especial sobre Crimes Digitais do Canal Ci\u00eancias Criminais e Produtora de Conte\u00fado da plataforma Direito Ensinado com \u00eanfase na \u00e1rea de Direito Digital.<\/p>\n<p style=\"text-align: justify;\">Atualmente \u00e9 vice coordenadora do N\u00facleo Cariri do Instituto Brasileiro de Direito de Fam\u00edlia \u2013 IBDFAM e d\u00e1 a sua contribui\u00e7\u00e3o \u00e0 Ordem dos Advogados do Brasil como Presidente da Caixa de Assist\u00eancia dos Advogados do Estado do Cear\u00e1 \u2013 CAACE, na Subsec\u00e7\u00e3o de Juazeiro do Norte para o tri\u00eanio 2019-2021, al\u00e9m de ser membro da Comiss\u00e3o de Advocacia Preventiva e Compliance.<\/p>\n<p><strong>E-mail: nathaliagoncalo@marianagomespedrosa.adv.br<\/strong>[\/vc_column_text][\/vc_column][\/vc_row][vc_row][vc_column][vc_empty_space][vc_empty_space][\/vc_column][\/vc_row]<\/p>\n<\/div>","protected":false},"excerpt":{"rendered":"<p>[vc_row full_width=&#8221;stretch_row_content_no_spaces&#8221; content_placement=&#8221;middle&#8221; parallax=&#8221;content-moving&#8221; parallax_image=&#8221;2198&#8243; bg_type=&#8221;image&#8221; parallax_style=&#8221;vcpb-vz-jquery&#8221; bg_image_new=&#8221;21743&#8243; bg_image_repeat=&#8221;no-repeat&#8221; parallax_sense=&#8221;50&#8243; disable_on_mobile_img_parallax=&#8221;off&#8221; parallax_content=&#8221;parallax_content_value&#8221; parallax_content_sense=&#8221;70&#8243; fadeout_row=&#8221;fadeout_row_value&#8221; fadeout_start_effect=&#8221;50&#8243; enable_overlay=&#8221;off&#8221; seperator_enable=&#8221;seperator_enable_value&#8221; seperator_type=&#8221;triangle_svg_seperator&#8221; seperator_position=&#8221;bottom_seperator&#8221; seperator_svg_height=&#8221;12&#8243; seperator_shape_background=&#8221;#08ada7&#8243; css=&#8221;.vc_custom_1694539902679{margin-top: 0px !important;margin-bottom: 0px !important;padding-top: 250px !important;padding-bottom: 160px !important;background-position: 0 0;background-repeat:-repeat;}&#8221;][vc_column][vc_column_text][\/vc_column_text][\/vc_column][\/vc_row][vc_row bg_type=&#8221;bg_color&#8221; seperator_enable=&#8221;off&#8221;][vc_column][vc_custom_heading text=&#8221;Quem Somos &#8221; font_container=&#8221;tag:h2|font_size:42|text_align:left&#8221; use_theme_fonts=&#8221;yes&#8221; css=&#8221;.vc_custom_1555015269572{margin-bottom: 0px !important;padding-top: 40px !important;padding-bottom: 2px !important;}&#8221;][vc_separator color=&#8221;custom&#8221; align=&#8221;align_left&#8221; accent_color=&#8221;#c9a58d&#8221;][vc_empty_space][\/vc_column][\/vc_row][vc_row bg_type=&#8221;bg_color&#8221; seperator_enable=&#8221;off&#8221;][vc_column [&hellip;]<\/p>\n","protected":false},"author":3,"featured_media":0,"parent":0,"menu_order":0,"comment_status":"closed","ping_status":"closed","template":"tpl\/front-page.php","meta":{"footnotes":""},"class_list":["post-1624","page","type-page","status-publish","hentry"],"aioseo_notices":[],"_links":{"self":[{"href":"https:\/\/marianagomespedrosa.adv.br\/portal\/wp-json\/wp\/v2\/pages\/1624","targetHints":{"allow":["GET"]}}],"collection":[{"href":"https:\/\/marianagomespedrosa.adv.br\/portal\/wp-json\/wp\/v2\/pages"}],"about":[{"href":"https:\/\/marianagomespedrosa.adv.br\/portal\/wp-json\/wp\/v2\/types\/page"}],"author":[{"embeddable":true,"href":"https:\/\/marianagomespedrosa.adv.br\/portal\/wp-json\/wp\/v2\/users\/3"}],"replies":[{"embeddable":true,"href":"https:\/\/marianagomespedrosa.adv.br\/portal\/wp-json\/wp\/v2\/comments?post=1624"}],"version-history":[{"count":62,"href":"https:\/\/marianagomespedrosa.adv.br\/portal\/wp-json\/wp\/v2\/pages\/1624\/revisions"}],"predecessor-version":[{"id":2327,"href":"https:\/\/marianagomespedrosa.adv.br\/portal\/wp-json\/wp\/v2\/pages\/1624\/revisions\/2327"}],"wp:attachment":[{"href":"https:\/\/marianagomespedrosa.adv.br\/portal\/wp-json\/wp\/v2\/media?parent=1624"}],"curies":[{"name":"wp","href":"https:\/\/api.w.org\/{rel}","templated":true}]}}