{"id":1619,"date":"2019-04-09T21:54:22","date_gmt":"2019-04-09T21:54:22","guid":{"rendered":"http:\/\/marianagomespedrosa.adv.br\/portal\/?page_id=1619"},"modified":"2023-09-14T14:50:37","modified_gmt":"2023-09-14T14:50:37","slug":"inicio","status":"publish","type":"page","link":"https:\/\/marianagomespedrosa.adv.br\/portal\/","title":{"rendered":"Inicio"},"content":{"rendered":"<div class=\"wpb-content-wrapper\"><p>[vc_row full_width=&#8221;stretch_row_content_no_spaces&#8221; parallax_speed=&#8221;4&#8243; parallax_x=&#8221;4&#8243; parallax_y=&#8221;4&#8243;][vc_column][rev_slider_vc alias=&#8221;inicio&#8221;][\/vc_column][\/vc_row][vc_row full_width=&#8221;stretch_row&#8221; disable_element=&#8221;yes&#8221; parallax_speed=&#8221;4&#8243; parallax_x=&#8221;4&#8243; parallax_y=&#8221;4&#8243; css=&#8221;.vc_custom_1554748051375{padding-top: 8px !important;padding-bottom: 17px !important;background-color: #18ba60 !important;}&#8221;][vc_column width=&#8221;10\/12&#8243;][vc_column_text]<\/p>\n<h3 class=\"falt-call-action\">Lorem ipsum dolor sit amet, consectetur adipiscing &#8230;<\/h3>\n<p>[\/vc_column_text][\/vc_column][vc_column width=&#8221;2\/12&#8243;][vc_empty_space height=&#8221;10&#8243;][vc_column_text]<a class=\"flat-button color-theme\" href=\"#\">Contact Us<\/a>[\/vc_column_text][\/vc_column][\/vc_row][vc_row full_width=&#8221;stretch_row&#8221; parallax_speed=&#8221;4&#8243; parallax_x=&#8221;4&#8243; parallax_y=&#8221;4&#8243; css=&#8221;.vc_custom_1488428871131{padding-top: 50px !important;padding-bottom: 50px !important;background-color: #f8f8f8 !important;}&#8221;][vc_column width=&#8221;2\/3&#8243; css=&#8221;.vc_custom_1554750848752{padding-right: 40px !important;}&#8221;][vc_custom_heading text=&#8221;\u00c1reas de <strong>Atua\u00e7\u00e3o<\/strong>&#8221; font_container=&#8221;tag:h2|font_size:36|text_align:left&#8221; use_theme_fonts=&#8221;yes&#8221;][vc_empty_space][vc_row_inner][vc_column_inner width=&#8221;1\/2&#8243;][vc_column_text]<\/p>\n<div class=\"icons-group\"><a class=\"icons-group-item\" href=\"#\"><i class=\"fa fa-angle-double-right\"><\/i>Direito Administrativo<\/a><br \/>\n<a class=\"icons-group-item\" href=\"#\"><i class=\"fa fa-angle-double-right\"><\/i>Licita\u00e7\u00f5es e Contrata\u00e7\u00f5es P\u00fablicas<\/a><br \/>\n<a class=\"icons-group-item\" href=\"#\"><i class=\"fa fa-angle-double-right\"><\/i>Direito Eleitoral<\/a><br \/>\n<a class=\"icons-group-item\" href=\"#\"><i class=\"fa fa-angle-double-right\"><\/i>Direito de Fam\u00edlia e Sucess\u00f5es<\/a><\/div>\n<p>[\/vc_column_text][\/vc_column_inner][vc_column_inner width=&#8221;1\/2&#8243;][vc_column_text]<\/p>\n<div class=\"icons-group\"><a class=\"icons-group-item\" href=\"#\"><i class=\"fa fa-angle-double-right\"><\/i>Responsabilidade<\/a><br \/>\n<a class=\"icons-group-item\" href=\"#\"><i class=\"fa fa-angle-double-right\"><\/i>Direito das Obriga\u00e7\u00f5es<\/a><br \/>\n<a class=\"icons-group-item\" href=\"#\"><i class=\"fa fa-angle-double-right\"><\/i>Direito das Coisas (Posse e propriedade de bens)<\/a><br \/>\n<a class=\"icons-group-item\" href=\"#\"><i class=\"fa fa-angle-double-right\"><\/i>Direito Digital<\/a><\/div>\n<p>[\/vc_column_text][\/vc_column_inner][\/vc_row_inner][\/vc_column][vc_column width=&#8221;1\/3&#8243; css=&#8221;.vc_custom_1554751155589{margin-left: 20px !important;background-color: #ffffff !important;}&#8221;][vc_column_text css=&#8221;.vc_custom_1554770261993{padding-top: 30px !important;padding-right: 40px !important;padding-bottom: 30px !important;padding-left: 30px !important;}&#8221;]<\/p>\n<h2>Ampla <strong>Experi\u00eancia<\/strong><\/h2>\n<p>Possu\u00edmos ampla experi\u00eancia nas diversas \u00e1reas do direito.[\/vc_column_text][vc_btn title=&#8221;Contate-nos&#8221; style=&#8221;outline&#8221; shape=&#8221;round&#8221; color=&#8221;chino&#8221; align=&#8221;left&#8221; i_align=&#8221;right&#8221; i_icon_fontawesome=&#8221;fa fa-chevron-right&#8221; add_icon=&#8221;true&#8221; css=&#8221;.vc_custom_1694703024673{margin-left: 30px !important;padding-top: 10px !important;padding-right: 0px !important;padding-bottom: 30px !important;padding-left: 0px !important;}&#8221; link=&#8221;url:https%3A%2F%2Fmarianagomespedrosa.adv.br%2Fportal%2Ffaleconosco%2F|title:Fale%20Conosco||&#8221;][\/vc_column][\/vc_row][vc_row full_width=&#8221;stretch_row&#8221; disable_element=&#8221;yes&#8221; parallax_speed=&#8221;4&#8243; parallax_x=&#8221;4&#8243; parallax_y=&#8221;4&#8243; css=&#8221;.vc_custom_1554771626690{padding-top: 50px !important;padding-bottom: 50px !important;background-color: #f8f8f8 !important;}&#8221;][vc_column width=&#8221;1\/3&#8243;][vc_column_text][imagebox show_button=&#8221;yes&#8221; target=&#8221;_blank&#8221; title=&#8221;Business Ideas and Innovation&#8221; image=&#8221;636&#8243; link=&#8221;#&#8221; class=&#8221;style-2&#8243;]Sed ut perspiciatis unde omnis iste error sit voluptatem accusantium.[\/imagebox][\/vc_column_text][\/vc_column][vc_column width=&#8221;1\/3&#8243;][vc_column_text][imagebox show_button=&#8221;yes&#8221; target=&#8221;_blank&#8221; title=&#8221;Business Ideas and Innovation&#8221; image=&#8221;640&#8243; link=&#8221;#&#8221; class=&#8221;style-2&#8243;]<\/p>\n<div class=\"iconbox left \">\n<div class=\"box-content\">Sed ut perspiciatis unde omnis iste error sit voluptatem accusantium doloremque .<\/div>\n<\/div>\n<p>[\/imagebox][\/vc_column_text][\/vc_column][vc_column width=&#8221;1\/3&#8243;][vc_column_text][imagebox show_button=&#8221;yes&#8221; button_text=&#8221;Learn More&#8221; target=&#8221;_blank&#8221; title=&#8221;Directory of Finance Businesses&#8221; image=&#8221;634&#8243; link=&#8221;#&#8221; class=&#8221;style-2&#8243;]Sed ut perspiciatis unde omnis iste error sit voluptatem accusantium doloremque .[\/imagebox][\/vc_column_text][\/vc_column][\/vc_row][vc_row full_width=&#8221;stretch_row&#8221; disable_element=&#8221;yes&#8221; parallax_speed=&#8221;4&#8243; parallax_x=&#8221;4&#8243; parallax_y=&#8221;4&#8243; css=&#8221;.vc_custom_1554771277093{border-top-width: 1px !important;padding-top: 72px !important;padding-bottom: 100px !important;border-top-color: #ebebeb !important;border-top-style: solid !important;}&#8221;][vc_column][vc_row_inner][vc_column_inner][vc_empty_space height=&#8221;20px&#8221;][\/vc_column_inner][\/vc_row_inner][vc_row_inner css=&#8221;.vc_custom_1554771259284{border-top-width: 0px !important;border-top-style: solid !important;}&#8221;][vc_column_inner width=&#8221;1\/3&#8243;][vc_empty_space height=&#8221;60px&#8221;][\/vc_column_inner][vc_column_inner width=&#8221;1\/3&#8243;][vc_empty_space height=&#8221;60px&#8221;][\/vc_column_inner][vc_column_inner width=&#8221;1\/3&#8243;][vc_empty_space height=&#8221;60px&#8221;][\/vc_column_inner][\/vc_row_inner][\/vc_column][\/vc_row][vc_row full_width=&#8221;stretch_row&#8221; parallax=&#8221;content-moving&#8221; parallax_image=&#8221;1139&#8243; parallax_speed_bg=&#8221;1.8&#8243; disable_element=&#8221;yes&#8221; parallax_speed=&#8221;4&#8243; parallax_x=&#8221;4&#8243; parallax_y=&#8221;4&#8243; css=&#8221;.vc_custom_1554770574655{padding-top: 97px !important;padding-bottom: 105px !important;}&#8221; el_class=&#8221;flat-overlay&#8221;][vc_column][vc_row_inner][vc_column_inner width=&#8221;1\/4&#8243;][vc_column_text][counter value=&#8221;1603&#8243; duration=&#8221;1000&#8243; title=&#8221;Individual Investors&#8221;][\/vc_column_text][\/vc_column_inner][vc_column_inner width=&#8221;1\/4&#8243;][vc_column_text][counter value=&#8221;2154&#8243; duration=&#8221;1000&#8243; title=&#8221;Brokerage Accounts&#8221;][\/vc_column_text][\/vc_column_inner][vc_column_inner width=&#8221;1\/4&#8243;][vc_column_text][counter value=&#8221;4321&#8243; duration=&#8221;1000&#8243; title=&#8221;Commissionable Trades&#8221;][\/vc_column_text][\/vc_column_inner][vc_column_inner width=&#8221;1\/4&#8243;][vc_column_text][counter value=&#8221;5321&#8243; duration=&#8221;1000&#8243; title=&#8221;Customer Assets&#8221;][\/vc_column_text][\/vc_column_inner][\/vc_row_inner][\/vc_column][\/vc_row][vc_row full_width=&#8221;stretch_row&#8221; parallax_speed=&#8221;4&#8243; parallax_x=&#8221;4&#8243; parallax_y=&#8221;4&#8243; css=&#8221;.vc_custom_1554813007436{padding-top: 0px !important;padding-bottom: 50px !important;background-color: #ffffff !important;}&#8221;][vc_column][vc_row_inner disable_element=&#8221;yes&#8221; el_class=&#8221;themesflat-inner&#8221;][vc_column_inner width=&#8221;1\/2&#8243;][vc_empty_space height=&#8221;20&#8243;][vc_column_text]In your life, you may have many times facing financial issues. It\u2019s good if you know how to handle it by yourself and have enough time to take care of it. In other cases, it\u2019s time you get a financial consulting service. And the article below will show[\/vc_column_text][vc_empty_space height=&#8221;43&#8243;][\/vc_column_inner][vc_column_inner width=&#8221;1\/2&#8243;][vc_empty_space height=&#8221;20&#8243;][vc_toggle title=&#8221;What are all the different types of accountants?&#8221; style=&#8221;simple&#8221; open=&#8221;true&#8221; el_id=&#8221;1488441871872-72484036-2eab&#8221; el_class=&#8221;themesflat-faq&#8221;]<\/p>\n<div class=\"panel panel-default\">\n<div id=\"collapse1\" class=\"panel-collapse collapse in\">\n<div class=\"panel-body\">Anim pariatur cliche reprehenderit, enim eiusmod high life accusamus terry richardson ad squid. 3 wolf moon officia aute, non cupidatat skateboard dolor brunch.<\/div>\n<\/div>\n<\/div>\n<div class=\"panel panel-default\"><\/div>\n<p>[\/vc_toggle][vc_toggle title=&#8221;What Do Accountants Without Their CPA do?&#8221; style=&#8221;simple&#8221; el_id=&#8221;1488441872465-c2342ccf-b5b0123&#8243;]<\/p>\n<div class=\"panel panel-default\">\n<div id=\"collapse1\" class=\"panel-collapse collapse in\">\n<div class=\"panel-body\">Anim pariatur cliche reprehenderit, enim eiusmod high life accusamus terry richardson ad squid. 3 wolf moon officia aute, non cupidatat skateboard dolor brunch.<\/div>\n<\/div>\n<\/div>\n<div class=\"panel panel-default\"><\/div>\n<p>[\/vc_toggle][vc_toggle title=&#8221;How do I make a mid-career switch into ?&#8221; style=&#8221;simple&#8221; el_id=&#8221;1488441873089-64e51ee1-378d456&#8243;]<\/p>\n<div class=\"panel panel-default\">\n<div id=\"collapse1\" class=\"panel-collapse collapse in\">\n<div class=\"panel-body\">Anim pariatur cliche reprehenderit, enim eiusmod high life accusamus terry richardson ad squid. 3 wolf moon officia aute, non cupidatat skateboard dolor brunch.<\/div>\n<\/div>\n<\/div>\n<div class=\"panel panel-default\"><\/div>\n<p>[\/vc_toggle][\/vc_column_inner][\/vc_row_inner][vc_row_inner css=&#8221;.vc_custom_1554812632430{padding-top: 40px !important;background-color: #ffffff !important;}&#8221;][vc_column_inner][vc_custom_heading text=&#8221;\u00daltimas <strong> Not\u00edcias<\/strong>&#8221; font_container=&#8221;tag:h2|font_size:36|text_align:center&#8221; use_theme_fonts=&#8221;yes&#8221;][vc_empty_space height=&#8221;40px&#8221;][\/vc_column_inner][\/vc_row_inner][vc_row_inner css=&#8221;.vc_custom_1554812607049{background-color: #ffffff !important;}&#8221;][vc_column_inner width=&#8221;2\/3&#8243;][vc_column_text]<div class=\"pt-cv-wrapper\"><div class=\"pt-cv-view pt-cv-grid pt-cv-colsys\" id=\"pt-cv-view-e08241cbl5\"><div data-id=\"pt-cv-page-1\" class=\"pt-cv-page\" data-cvc=\"2\"><div class=\"col-md-6 col-sm-6 col-xs-12 pt-cv-content-item pt-cv-1-col\" ><div class='pt-cv-ifield'><a href=\"https:\/\/marianagomespedrosa.adv.br\/portal\/desafios-na-execucao-de-politicas-publicas-impactos-da-crise-orcamentaria-estadual\/\" class=\"_self pt-cv-href-thumbnail pt-cv-thumb-default\" target=\"_self\" ><img loading=\"lazy\" decoding=\"async\" width=\"370\" height=\"247\" src=\"https:\/\/marianagomespedrosa.adv.br\/portal\/wp-content\/uploads\/2024\/03\/431660715_403260822294733_1507205787180278562_n-370x247.jpeg\" class=\"pt-cv-thumbnail\" alt=\"\" \/><\/a>\n<h4 class=\"pt-cv-title\"><a href=\"https:\/\/marianagomespedrosa.adv.br\/portal\/desafios-na-execucao-de-politicas-publicas-impactos-da-crise-orcamentaria-estadual\/\" class=\"_self\" target=\"_self\" >Desafios na execu\u00e7\u00e3o de pol\u00edticas p\u00fablicas, impactos da crise or\u00e7ament\u00e1ria estadual<\/a><\/h4>\n<div class=\"pt-cv-content\">A crise or\u00e7ament\u00e1ria que afeta diversos estados do Brasil tem gerado preocupa\u00e7\u00f5es sobre a efetiva\u00e7\u00e3o das pol\u00edticas p\u00fablicas previstas na Constitui\u00e7\u00e3o. De acordo com dados do Instituto Brasileiro de Geografia ...<br \/><div class=\"pt-cv-rmwrap\"><a href=\"https:\/\/marianagomespedrosa.adv.br\/portal\/desafios-na-execucao-de-politicas-publicas-impactos-da-crise-orcamentaria-estadual\/\" class=\"_self pt-cv-readmore btn btn-success\" target=\"_self\">Ler Mais<\/a><\/div><\/div><\/div><\/div>\n<div class=\"col-md-6 col-sm-6 col-xs-12 pt-cv-content-item pt-cv-1-col\" ><div class='pt-cv-ifield'><a href=\"https:\/\/marianagomespedrosa.adv.br\/portal\/responsabilidade-civil-do-estado-quando-o-poder-publico-pode-ser-responsabilizado\/\" class=\"_self pt-cv-href-thumbnail pt-cv-thumb-default\" target=\"_self\" ><img loading=\"lazy\" decoding=\"async\" width=\"370\" height=\"247\" src=\"https:\/\/marianagomespedrosa.adv.br\/portal\/wp-content\/uploads\/2024\/03\/431185845_1584231652341816_5381443824274020872_n-370x247.jpeg\" class=\"pt-cv-thumbnail\" alt=\"\" \/><\/a>\n<h4 class=\"pt-cv-title\"><a href=\"https:\/\/marianagomespedrosa.adv.br\/portal\/responsabilidade-civil-do-estado-quando-o-poder-publico-pode-ser-responsabilizado\/\" class=\"_self\" target=\"_self\" >Responsabilidade civil do estado quando o poder p\u00fablico pode ser responsabilizado<\/a><\/h4>\n<div class=\"pt-cv-content\">A responsabilidade civil do Estado \u00e9 um tema de extrema relev\u00e2ncia, pois delineia os limites da atua\u00e7\u00e3o do poder p\u00fablico. Enquanto o Estado desempenha suas fun\u00e7\u00f5es, ele pode, em determinadas ...<br \/><div class=\"pt-cv-rmwrap\"><a href=\"https:\/\/marianagomespedrosa.adv.br\/portal\/responsabilidade-civil-do-estado-quando-o-poder-publico-pode-ser-responsabilizado\/\" class=\"_self pt-cv-readmore btn btn-success\" target=\"_self\">Ler Mais<\/a><\/div><\/div><\/div><\/div>\n<div class=\"col-md-6 col-sm-6 col-xs-12 pt-cv-content-item pt-cv-1-col\" ><div class='pt-cv-ifield'><a href=\"https:\/\/marianagomespedrosa.adv.br\/portal\/familia-violencia-patrimonial-e-genero\/\" class=\"_self pt-cv-href-thumbnail pt-cv-thumb-default\" target=\"_self\" ><img loading=\"lazy\" decoding=\"async\" width=\"370\" height=\"247\" src=\"https:\/\/marianagomespedrosa.adv.br\/portal\/wp-content\/uploads\/2024\/03\/431648116_375678225280697_5104266379559281666_n-370x247.jpeg\" class=\"pt-cv-thumbnail\" alt=\"\" \/><\/a>\n<h4 class=\"pt-cv-title\"><a href=\"https:\/\/marianagomespedrosa.adv.br\/portal\/familia-violencia-patrimonial-e-genero\/\" class=\"_self\" target=\"_self\" >Fam\u00edlia, viol\u00eancia patrimonial e g\u00eanero<\/a><\/h4>\n<div class=\"pt-cv-content\">No m\u00eas em que comemoramos o dia internacional da mulher, compartilho com voc\u00eas artigo de minha autoria sobre viol\u00eancia patrimonial publicado no dia 03 de mar\u00e7o de 2024 no jornal ...<br \/><div class=\"pt-cv-rmwrap\"><a href=\"https:\/\/marianagomespedrosa.adv.br\/portal\/familia-violencia-patrimonial-e-genero\/\" class=\"_self pt-cv-readmore btn btn-success\" target=\"_self\">Ler Mais<\/a><\/div><\/div><\/div><\/div>\n<div class=\"col-md-6 col-sm-6 col-xs-12 pt-cv-content-item pt-cv-1-col\" ><div class='pt-cv-ifield'><a href=\"https:\/\/marianagomespedrosa.adv.br\/portal\/necessidade-de-concordancia-dos-pais-biologicos-para-reconhecimento-e-filiacao-socioafetiva-em-cartorio\/\" class=\"_self pt-cv-href-thumbnail pt-cv-thumb-default\" target=\"_self\" ><img loading=\"lazy\" decoding=\"async\" width=\"370\" height=\"247\" src=\"https:\/\/marianagomespedrosa.adv.br\/portal\/wp-content\/uploads\/2024\/03\/429884076_18419957524021924_4008179206801990853_n-370x247.jpg\" class=\"pt-cv-thumbnail\" alt=\"\" \/><\/a>\n<h4 class=\"pt-cv-title\"><a href=\"https:\/\/marianagomespedrosa.adv.br\/portal\/necessidade-de-concordancia-dos-pais-biologicos-para-reconhecimento-e-filiacao-socioafetiva-em-cartorio\/\" class=\"_self\" target=\"_self\" >NECESSIDADE DE CONCORD\u00c2NCIA DOS PAIS BIOL\u00d3GICOS PARA RECONHECIMENTO E FILIA\u00c7\u00c3O SOCIOAFETIVA EM CART\u00d3RIO<\/a><\/h4>\n<div class=\"pt-cv-content\">No processo de reconhecimento de filia\u00e7\u00e3o socioafetiva, \u00e9 essencial compreender que a manifesta\u00e7\u00e3o dos pais biol\u00f3gicos \u00e9 um requisito indispens\u00e1vel. Em recente decis\u00e3o, o CNJ refor\u00e7ou essa necessidade, estipulando que, ...<br \/><div class=\"pt-cv-rmwrap\"><a href=\"https:\/\/marianagomespedrosa.adv.br\/portal\/necessidade-de-concordancia-dos-pais-biologicos-para-reconhecimento-e-filiacao-socioafetiva-em-cartorio\/\" class=\"_self pt-cv-readmore btn btn-success\" target=\"_self\">Ler Mais<\/a><\/div><\/div><\/div><\/div><\/div><\/div>\n<div class=\" pt-cv-pagination-wrapper\"><ul class=\"pt-cv-pagination pt-cv-ajax pagination\" data-totalpages=\"3\" data-currentpage=\"1\" data-sid=\"e08241cbl5\" data-unid=\"\" data-isblock=\"\" data-postid=\"\"><li class=\"active\"><a href=\"#\">1<\/a><\/li>\n\t<li ><a class=\"\" href=\"https:\/\/marianagomespedrosa.adv.br\/portal\/wp-json\/wp\/v2\/pages\/1619\/?_page=2\">2<\/a><\/li>\n\t<li ><a class=\"\" href=\"https:\/\/marianagomespedrosa.adv.br\/portal\/wp-json\/wp\/v2\/pages\/1619\/?_page=3\">3<\/a><\/li>\n\t<li ><a class=\" \" href=\"https:\/\/marianagomespedrosa.adv.br\/portal\/wp-json\/wp\/v2\/pages\/1619\/?_page=2\">&rsaquo;<\/a><\/li>\n\t<\/ul><img loading=\"lazy\" decoding=\"async\" width=\"15\" height=\"15\" class=\"pt-cv-spinner\" alt=\"Loading...\" src=\"data:image\/gif;base64,R0lGODlhDwAPALMPAMrKygwMDJOTkz09PZWVla+vr3p6euTk5M7OzuXl5TMzMwAAAJmZmWZmZszMzP\/\/\/yH\/C05FVFNDQVBFMi4wAwEAAAAh+QQFCgAPACwAAAAADwAPAAAEQvDJaZaZOIcV8iQK8VRX4iTYoAwZ4iCYoAjZ4RxejhVNoT+mRGP4cyF4Pp0N98sBGIBMEMOotl6YZ3S61Bmbkm4mAgAh+QQFCgAPACwAAAAADQANAAAENPDJSRSZeA418itN8QiK8BiLITVsFiyBBIoYqnoewAD4xPw9iY4XLGYSjkQR4UAUD45DLwIAIfkEBQoADwAsAAAAAA8ACQAABC\/wyVlamTi3nSdgwFNdhEJgTJoNyoB9ISYoQmdjiZPcj7EYCAeCF1gEDo4Dz2eIAAAh+QQFCgAPACwCAAAADQANAAAEM\/DJBxiYeLKdX3IJZT1FU0iIg2RNKx3OkZVnZ98ToRD4MyiDnkAh6BkNC0MvsAj0kMpHBAAh+QQFCgAPACwGAAAACQAPAAAEMDC59KpFDll73HkAA2wVY5KgiK5b0RRoI6MuzG6EQqCDMlSGheEhUAgqgUUAFRySIgAh+QQFCgAPACwCAAIADQANAAAEM\/DJKZNLND\/kkKaHc3xk+QAMYDKsiaqmZCxGVjSFFCxB1vwy2oOgIDxuucxAMTAJFAJNBAAh+QQFCgAPACwAAAYADwAJAAAEMNAs86q1yaWwwv2Ig0jUZx3OYa4XoRAfwADXoAwfo1+CIjyFRuEho60aSNYlOPxEAAAh+QQFCgAPACwAAAIADQANAAAENPA9s4y8+IUVcqaWJ4qEQozSoAzoIyhCK2NFU2SJk0hNnyEOhKR2AzAAj4Pj4GE4W0bkJQIAOw==\" \/><div class=\"clear pt-cv-clear-pagination\"><\/div><\/div><\/div>[\/vc_column_text][\/vc_column_inner][vc_column_inner width=&#8221;1\/3&#8243;][vc_widget_sidebar sidebar_id=&#8221;sidebar-home&#8221;][\/vc_column_inner][\/vc_row_inner][\/vc_column][\/vc_row][vc_row full_width=&#8221;stretch_row&#8221; parallax=&#8221;content-moving&#8221; parallax_image=&#8221;1270&#8243; disable_element=&#8221;yes&#8221; parallax_speed=&#8221;4&#8243; parallax_x=&#8221;4&#8243; parallax_y=&#8221;4&#8243; css=&#8221;.vc_custom_1554771104086{padding-top: 6px !important;padding-bottom: 28px !important;}&#8221;][vc_column width=&#8221;5\/12&#8243;][\/vc_column][vc_column width=&#8221;7\/12&#8243;][vc_empty_space height=&#8221;20px&#8221;][\/vc_column][\/vc_row][vc_row full_width=&#8221;stretch_row&#8221; disable_element=&#8221;yes&#8221; parallax_speed=&#8221;4&#8243; parallax_x=&#8221;4&#8243; parallax_y=&#8221;4&#8243; css=&#8221;.vc_custom_1554813126920{padding-top: 60px !important;padding-bottom: 70px !important;background-color: #f7f7f7 !important;}&#8221;][vc_column][vc_row_inner css=&#8221;.vc_custom_1485162212721{background-color: #f7f7f7 !important;}&#8221;][vc_column_inner][vc_column_text][client_slider slides_per_view=&#8221;5&#8243; hide_control=&#8221;yes&#8221;][client image=&#8221;424&#8243;][client image=&#8221;425&#8243;][client image=&#8221;426&#8243;][client image=&#8221;427&#8243;][client image=&#8221;428&#8243;][\/client_slider][\/vc_column_text][\/vc_column_inner][\/vc_row_inner][\/vc_column][\/vc_row]<\/p>\n<\/div>","protected":false},"excerpt":{"rendered":"<p>[vc_row full_width=&#8221;stretch_row_content_no_spaces&#8221; parallax_speed=&#8221;4&#8243; parallax_x=&#8221;4&#8243; parallax_y=&#8221;4&#8243;][vc_column][rev_slider_vc alias=&#8221;inicio&#8221;][\/vc_column][\/vc_row][vc_row full_width=&#8221;stretch_row&#8221; disable_element=&#8221;yes&#8221; parallax_speed=&#8221;4&#8243; parallax_x=&#8221;4&#8243; parallax_y=&#8221;4&#8243; css=&#8221;.vc_custom_1554748051375{padding-top: 8px !important;padding-bottom: 17px !important;background-color: #18ba60 !important;}&#8221;][vc_column width=&#8221;10\/12&#8243;][vc_column_text] Lorem ipsum dolor sit amet, consectetur adipiscing &#8230; [\/vc_column_text][\/vc_column][vc_column width=&#8221;2\/12&#8243;][vc_empty_space height=&#8221;10&#8243;][vc_column_text]Contact Us[\/vc_column_text][\/vc_column][\/vc_row][vc_row full_width=&#8221;stretch_row&#8221; parallax_speed=&#8221;4&#8243; parallax_x=&#8221;4&#8243; parallax_y=&#8221;4&#8243; css=&#8221;.vc_custom_1488428871131{padding-top: 50px !important;padding-bottom: 50px !important;background-color: #f8f8f8 !important;}&#8221;][vc_column width=&#8221;2\/3&#8243; css=&#8221;.vc_custom_1554750848752{padding-right: 40px !important;}&#8221;][vc_custom_heading text=&#8221;\u00c1reas de Atua\u00e7\u00e3o&#8221; font_container=&#8221;tag:h2|font_size:36|text_align:left&#8221; use_theme_fonts=&#8221;yes&#8221;][vc_empty_space][vc_row_inner][vc_column_inner [&hellip;]<\/p>\n","protected":false},"author":3,"featured_media":0,"parent":0,"menu_order":0,"comment_status":"closed","ping_status":"closed","template":"tpl\/front-page.php","meta":{"footnotes":""},"class_list":["post-1619","page","type-page","status-publish","hentry"],"aioseo_notices":[],"_links":{"self":[{"href":"https:\/\/marianagomespedrosa.adv.br\/portal\/wp-json\/wp\/v2\/pages\/1619","targetHints":{"allow":["GET"]}}],"collection":[{"href":"https:\/\/marianagomespedrosa.adv.br\/portal\/wp-json\/wp\/v2\/pages"}],"about":[{"href":"https:\/\/marianagomespedrosa.adv.br\/portal\/wp-json\/wp\/v2\/types\/page"}],"author":[{"embeddable":true,"href":"https:\/\/marianagomespedrosa.adv.br\/portal\/wp-json\/wp\/v2\/users\/3"}],"replies":[{"embeddable":true,"href":"https:\/\/marianagomespedrosa.adv.br\/portal\/wp-json\/wp\/v2\/comments?post=1619"}],"version-history":[{"count":55,"href":"https:\/\/marianagomespedrosa.adv.br\/portal\/wp-json\/wp\/v2\/pages\/1619\/revisions"}],"predecessor-version":[{"id":2300,"href":"https:\/\/marianagomespedrosa.adv.br\/portal\/wp-json\/wp\/v2\/pages\/1619\/revisions\/2300"}],"wp:attachment":[{"href":"https:\/\/marianagomespedrosa.adv.br\/portal\/wp-json\/wp\/v2\/media?parent=1619"}],"curies":[{"name":"wp","href":"https:\/\/api.w.org\/{rel}","templated":true}]}}